{"id":3507,"date":"2025-09-18T18:24:12","date_gmt":"2025-09-18T11:24:12","guid":{"rendered":"https:\/\/phsflorist.com\/?post_type=product&#038;p=3507"},"modified":"2025-09-18T18:46:10","modified_gmt":"2025-09-18T11:46:10","slug":"hl014","status":"publish","type":"product","link":"https:\/\/phsflorist.com\/?product=hl014","title":{"rendered":"HL007"},"content":{"rendered":"<p>Hoa lan 8 c\u00e0nh k\u1ebft h\u1ee3p v\u1edbi ti\u1ec3u c\u1ea3nh.<\/p>\n<p>Ph\u00f9 h\u1ee3p t\u1eb7ng kh\u00e1ch h\u00e0ng, \u0111\u1ed1i t\u00e1c, tr\u01b0ng b\u00e0y ph\u00f2ng kh\u00e1ch, s\u1ea3nh v\u0103n ph\u00f2ng &#8230;<\/p>\n","protected":false},"excerpt":{"rendered":"<p>Hoa lan 8 c\u00e0nh k\u1ebft h\u1ee3p v\u1edbi ti\u1ec3u c\u1ea3nh. Ph\u00f9 h\u1ee3p t\u1eb7ng kh\u00e1ch h\u00e0ng, \u0111\u1ed1i t\u00e1c, tr\u01b0ng b\u00e0y ph\u00f2ng kh\u00e1ch, s\u1ea3nh v\u0103n ph\u00f2ng &#8230;<\/p>\n","protected":false},"featured_media":3485,"comment_status":"open","ping_status":"closed","template":"","meta":{"om_disable_all_campaigns":false,"_monsterinsights_skip_tracking":false,"_monsterinsights_sitenote_active":false,"_monsterinsights_sitenote_note":"","_monsterinsights_sitenote_category":0},"product_brand":[],"product_cat":[48],"product_tag":[],"class_list":{"0":"post-3507","1":"product","2":"type-product","3":"status-publish","4":"has-post-thumbnail","6":"product_cat-hoalan","8":"first","9":"instock","10":"shipping-taxable","11":"purchasable","12":"product-type-simple"},"aioseo_notices":[],"_links":{"self":[{"href":"https:\/\/phsflorist.com\/index.php?rest_route=\/wp\/v2\/product\/3507","targetHints":{"allow":["GET"]}}],"collection":[{"href":"https:\/\/phsflorist.com\/index.php?rest_route=\/wp\/v2\/product"}],"about":[{"href":"https:\/\/phsflorist.com\/index.php?rest_route=\/wp\/v2\/types\/product"}],"replies":[{"embeddable":true,"href":"https:\/\/phsflorist.com\/index.php?rest_route=%2Fwp%2Fv2%2Fcomments&post=3507"}],"wp:featuredmedia":[{"embeddable":true,"href":"https:\/\/phsflorist.com\/index.php?rest_route=\/wp\/v2\/media\/3485"}],"wp:attachment":[{"href":"https:\/\/phsflorist.com\/index.php?rest_route=%2Fwp%2Fv2%2Fmedia&parent=3507"}],"wp:term":[{"taxonomy":"product_brand","embeddable":true,"href":"https:\/\/phsflorist.com\/index.php?rest_route=%2Fwp%2Fv2%2Fproduct_brand&post=3507"},{"taxonomy":"product_cat","embeddable":true,"href":"https:\/\/phsflorist.com\/index.php?rest_route=%2Fwp%2Fv2%2Fproduct_cat&post=3507"},{"taxonomy":"product_tag","embeddable":true,"href":"https:\/\/phsflorist.com\/index.php?rest_route=%2Fwp%2Fv2%2Fproduct_tag&post=3507"}],"curies":[{"name":"wp","href":"https:\/\/api.w.org\/{rel}","templated":true}]}}