{"id":2983,"date":"2025-07-12T18:10:21","date_gmt":"2025-07-12T11:10:21","guid":{"rendered":"https:\/\/phsflorist.com\/?post_type=product&#038;p=2983"},"modified":"2025-10-06T06:29:29","modified_gmt":"2025-10-05T23:29:29","slug":"hg001","status":"publish","type":"product","link":"https:\/\/phsflorist.com\/?product=hg001","title":{"rendered":"GH001"},"content":{"rendered":"<p data-start=\"0\" data-end=\"38\">\ud83c\udf3c <strong data-start=\"3\" data-end=\"35\">M\u00f4 t\u1ea3 gi\u1ecf hoa &#8211; PH\u2019s Florist<\/strong> \ud83c\udf3c<\/p>\n<p data-start=\"40\" data-end=\"404\">Gi\u1ecf hoa mang s\u1eafc xu\u00e2n r\u1ef1c r\u1ee1 v\u1edbi s\u1ef1 k\u1ebft h\u1ee3p \u0111\u1ea7y tinh t\u1ebf gi\u1eefa nh\u1eefng \u0111\u00f3a <strong data-start=\"111\" data-end=\"142\">lan h\u1ed3 \u0111i\u1ec7p tr\u1eafng tinh kh\u00f4i<\/strong>, <strong data-start=\"144\" data-end=\"173\">hoa c\u00fac m\u1eabu \u0111\u01a1n v\u00e0ng t\u01b0\u01a1i<\/strong>, <strong data-start=\"175\" data-end=\"198\">c\u1ea9m ch\u01b0\u1edbng cam nh\u1ea1t<\/strong> v\u00e0 \u0111i\u1ec3m xuy\u1ebft b\u1edfi c\u00e1c nh\u00e1nh <strong data-start=\"227\" data-end=\"244\">hoa sao tr\u1eafng<\/strong> nh\u1ecf nh\u1eafn c\u00f9ng <strong data-start=\"259\" data-end=\"269\">l\u00e1 b\u1ea1c<\/strong> thanh tho\u00e1t. T\u1ea5t c\u1ea3 \u0111\u01b0\u1ee3c \u0111an xen kh\u00e9o l\u00e9o trong m\u1ed9t chi\u1ebfc gi\u1ecf m\u00e2y c\u1ed5 \u0111i\u1ec3n, t\u1ea1o n\u00ean t\u1ed5ng th\u1ec3 m\u1ec1m m\u1ea1i, tr\u00e0n \u0111\u1ea7y s\u1ee9c s\u1ed1ng v\u00e0 s\u1ef1 l\u1ea1c quan.<\/p>\n<p data-start=\"406\" data-end=\"508\">\ud83d\udc9b Tone m\u00e0u v\u00e0ng &#8211; cam &#8211; tr\u1eafng g\u1ee3i l\u00ean c\u1ea3m gi\u00e1c <strong data-start=\"454\" data-end=\"492\">\u1ea5m \u00e1p, nh\u1eb9 nh\u00e0ng nh\u01b0ng v\u1eabn n\u1ed5i b\u1eadt<\/strong> \u2013 ph\u00f9 h\u1ee3p \u0111\u1ec3:<\/p>\n<ul data-start=\"509\" data-end=\"699\">\n<li data-start=\"509\" data-end=\"564\">\n<p data-start=\"511\" data-end=\"564\">T\u1eb7ng ng\u01b0\u1eddi th\u00e2n y\u00eau nh\u01b0 l\u1eddi ch\u00fac \u201cng\u00e0y m\u1edbi r\u1ea1ng r\u1ee1\u201d<\/p>\n<\/li>\n<li data-start=\"565\" data-end=\"636\">\n<p data-start=\"567\" data-end=\"636\">T\u1eb7ng \u0111\u1ed1i t\u00e1c, b\u1ea1n b\u00e8 trong d\u1ecbp khai tr\u01b0\u01a1ng hay ch\u00fac m\u1eebng th\u00e0nh c\u00f4ng<\/p>\n<\/li>\n<li data-start=\"637\" data-end=\"699\">\n<p data-start=\"639\" data-end=\"699\">Trang tr\u00ed kh\u00f4ng gian s\u1ed1ng ho\u1eb7c g\u00f3c l\u00e0m vi\u1ec7c th\u00eam ph\u1ea7n thi v\u1ecb<\/p>\n<\/li>\n<\/ul>\n","protected":false},"excerpt":{"rendered":"<p>\ud83c\udf3c M\u00f4 t\u1ea3 gi\u1ecf hoa &#8211; PH\u2019s Florist \ud83c\udf3c Gi\u1ecf hoa mang s\u1eafc xu\u00e2n r\u1ef1c r\u1ee1 v\u1edbi s\u1ef1 k\u1ebft h\u1ee3p \u0111\u1ea7y tinh t\u1ebf gi\u1eefa nh\u1eefng \u0111\u00f3a lan h\u1ed3 \u0111i\u1ec7p tr\u1eafng tinh kh\u00f4i, hoa c\u00fac m\u1eabu \u0111\u01a1n v\u00e0ng t\u01b0\u01a1i, c\u1ea9m ch\u01b0\u1edbng cam nh\u1ea1t v\u00e0 \u0111i\u1ec3m xuy\u1ebft b\u1edfi c\u00e1c nh\u00e1nh hoa sao tr\u1eafng nh\u1ecf nh\u1eafn c\u00f9ng l\u00e1 [&#8230;]\n","protected":false},"featured_media":2986,"comment_status":"open","ping_status":"closed","template":"","meta":{"om_disable_all_campaigns":false,"_monsterinsights_skip_tracking":false,"_monsterinsights_sitenote_active":false,"_monsterinsights_sitenote_note":"","_monsterinsights_sitenote_category":0},"product_brand":[],"product_cat":[50],"product_tag":[],"class_list":{"0":"post-2983","1":"product","2":"type-product","3":"status-publish","4":"has-post-thumbnail","6":"product_cat-gio-hoa","8":"first","9":"instock","10":"downloadable","11":"shipping-taxable","12":"purchasable","13":"product-type-simple"},"aioseo_notices":[],"_links":{"self":[{"href":"https:\/\/phsflorist.com\/index.php?rest_route=\/wp\/v2\/product\/2983","targetHints":{"allow":["GET"]}}],"collection":[{"href":"https:\/\/phsflorist.com\/index.php?rest_route=\/wp\/v2\/product"}],"about":[{"href":"https:\/\/phsflorist.com\/index.php?rest_route=\/wp\/v2\/types\/product"}],"replies":[{"embeddable":true,"href":"https:\/\/phsflorist.com\/index.php?rest_route=%2Fwp%2Fv2%2Fcomments&post=2983"}],"wp:featuredmedia":[{"embeddable":true,"href":"https:\/\/phsflorist.com\/index.php?rest_route=\/wp\/v2\/media\/2986"}],"wp:attachment":[{"href":"https:\/\/phsflorist.com\/index.php?rest_route=%2Fwp%2Fv2%2Fmedia&parent=2983"}],"wp:term":[{"taxonomy":"product_brand","embeddable":true,"href":"https:\/\/phsflorist.com\/index.php?rest_route=%2Fwp%2Fv2%2Fproduct_brand&post=2983"},{"taxonomy":"product_cat","embeddable":true,"href":"https:\/\/phsflorist.com\/index.php?rest_route=%2Fwp%2Fv2%2Fproduct_cat&post=2983"},{"taxonomy":"product_tag","embeddable":true,"href":"https:\/\/phsflorist.com\/index.php?rest_route=%2Fwp%2Fv2%2Fproduct_tag&post=2983"}],"curies":[{"name":"wp","href":"https:\/\/api.w.org\/{rel}","templated":true}]}}