{"id":2962,"date":"2025-07-11T22:20:18","date_gmt":"2025-07-11T15:20:18","guid":{"rendered":"https:\/\/phsflorist.com\/?post_type=product&#038;p=2962"},"modified":"2025-10-06T06:52:15","modified_gmt":"2025-10-05T23:52:15","slug":"hh002","status":"publish","type":"product","link":"https:\/\/phsflorist.com\/?product=hh002","title":{"rendered":"HB003"},"content":{"rendered":"<p>\ud83c\udf39 \u00dd ngh\u0129a hoa h\u1ed3ng \u0111\u1ecf:<br \/>\nT\u00ecnh y\u00eau n\u1ed3ng ch\u00e1y v\u00e0 l\u00e3ng m\u1ea1n:<br \/>\nHoa h\u1ed3ng \u0111\u1ecf l\u00e0 bi\u1ec3u t\u01b0\u1ee3ng truy\u1ec1n th\u1ed1ng c\u1ee7a t\u00ecnh y\u00eau m\u00e3nh li\u1ec7t, say \u0111\u1eafm. T\u1eb7ng h\u1ed3ng \u0111\u1ecf l\u00e0 c\u00e1ch th\u1ec3 hi\u1ec7n t\u00ecnh c\u1ea3m ch\u00e2n th\u00e0nh v\u00e0 s\u00e2u s\u1eafc \u0111\u1ebfn ng\u01b0\u1eddi th\u01b0\u01a1ng.<\/p>\n<p>\u0110am m\u00ea v\u00e0 khao kh\u00e1t:<br \/>\nM\u00e0u \u0111\u1ecf t\u01b0\u1ee3ng tr\u01b0ng cho ng\u1ecdn l\u1eeda \u0111am m\u00ea. M\u1ed9t b\u00f3 h\u1ed3ng \u0111\u1ecf kh\u00f4ng ch\u1ec9 n\u00f3i l\u00ean t\u00ecnh y\u00eau m\u00e0 c\u00f2n th\u1ec3 hi\u1ec7n s\u1ef1 h\u1ea5p d\u1eabn, khao kh\u00e1t g\u1eafn b\u00f3.<\/p>\n<p>S\u1ef1 t\u00f4n tr\u1ecdng v\u00e0 ng\u01b0\u1ee1ng m\u1ed9:<br \/>\nKh\u00f4ng ch\u1ec9 trong t\u00ecnh y\u00eau, h\u1ed3ng \u0111\u1ecf c\u00f2n th\u1ec3 hi\u1ec7n s\u1ef1 tr\u00e2n tr\u1ecdng \u0111\u1ed1i v\u1edbi ng\u01b0\u1eddi nh\u1eadn \u2013 nh\u01b0 m\u1ed9t l\u1eddi c\u1ea3m \u01a1n \u0111\u1ea7y y\u00eau th\u01b0\u01a1ng.<\/p>\n<p>L\u1eddi h\u1ee9a v\u0129nh c\u1eedu:<br \/>\nM\u1ed9t b\u00f3 h\u1ed3ng \u0111\u1ecf th\u01b0\u1eddng \u0111i k\u00e8m v\u1edbi l\u1eddi h\u1eb9n \u01b0\u1edbc d\u00e0i l\u00e2u, l\u00e0 bi\u1ec3u t\u01b0\u1ee3ng c\u1ee7a m\u1ed9t m\u1ed1i quan h\u1ec7 b\u1ec1n v\u1eefng, th\u1ee7y chung.<\/p>\n<p>\ud83d\udc49 Th\u01b0\u1eddng \u0111\u01b0\u1ee3c t\u1eb7ng v\u00e0o c\u00e1c d\u1ecbp:<br \/>\n\u2013 Ng\u00e0y L\u1ec5 T\u00ecnh Nh\u00e2n (Valentine)<br \/>\n\u2013 K\u1ef7 ni\u1ec7m y\u00eau nhau ho\u1eb7c c\u01b0\u1edbi<br \/>\n\u2013 Ng\u00e0y c\u01b0\u1edbi, c\u1ea7u h\u00f4n<\/p>\n","protected":false},"excerpt":{"rendered":"<p>\ud83c\udf39 \u00dd ngh\u0129a hoa h\u1ed3ng \u0111\u1ecf: T\u00ecnh y\u00eau n\u1ed3ng ch\u00e1y v\u00e0 l\u00e3ng m\u1ea1n: Hoa h\u1ed3ng \u0111\u1ecf l\u00e0 bi\u1ec3u t\u01b0\u1ee3ng truy\u1ec1n th\u1ed1ng c\u1ee7a t\u00ecnh y\u00eau m\u00e3nh li\u1ec7t, say \u0111\u1eafm. T\u1eb7ng h\u1ed3ng \u0111\u1ecf l\u00e0 c\u00e1ch th\u1ec3 hi\u1ec7n t\u00ecnh c\u1ea3m ch\u00e2n th\u00e0nh v\u00e0 s\u00e2u s\u1eafc \u0111\u1ebfn ng\u01b0\u1eddi th\u01b0\u01a1ng. \u0110am m\u00ea v\u00e0 khao kh\u00e1t: M\u00e0u \u0111\u1ecf t\u01b0\u1ee3ng tr\u01b0ng cho [&#8230;]\n","protected":false},"featured_media":2963,"comment_status":"open","ping_status":"closed","template":"","meta":{"om_disable_all_campaigns":false,"_monsterinsights_skip_tracking":false,"_monsterinsights_sitenote_active":false,"_monsterinsights_sitenote_note":"","_monsterinsights_sitenote_category":0},"product_brand":[],"product_cat":[49],"product_tag":[],"class_list":{"0":"post-2962","1":"product","2":"type-product","3":"status-publish","4":"has-post-thumbnail","6":"product_cat-hoa-bo","8":"first","9":"instock","10":"shipping-taxable","11":"purchasable","12":"product-type-simple"},"aioseo_notices":[],"_links":{"self":[{"href":"https:\/\/phsflorist.com\/index.php?rest_route=\/wp\/v2\/product\/2962","targetHints":{"allow":["GET"]}}],"collection":[{"href":"https:\/\/phsflorist.com\/index.php?rest_route=\/wp\/v2\/product"}],"about":[{"href":"https:\/\/phsflorist.com\/index.php?rest_route=\/wp\/v2\/types\/product"}],"replies":[{"embeddable":true,"href":"https:\/\/phsflorist.com\/index.php?rest_route=%2Fwp%2Fv2%2Fcomments&post=2962"}],"wp:featuredmedia":[{"embeddable":true,"href":"https:\/\/phsflorist.com\/index.php?rest_route=\/wp\/v2\/media\/2963"}],"wp:attachment":[{"href":"https:\/\/phsflorist.com\/index.php?rest_route=%2Fwp%2Fv2%2Fmedia&parent=2962"}],"wp:term":[{"taxonomy":"product_brand","embeddable":true,"href":"https:\/\/phsflorist.com\/index.php?rest_route=%2Fwp%2Fv2%2Fproduct_brand&post=2962"},{"taxonomy":"product_cat","embeddable":true,"href":"https:\/\/phsflorist.com\/index.php?rest_route=%2Fwp%2Fv2%2Fproduct_cat&post=2962"},{"taxonomy":"product_tag","embeddable":true,"href":"https:\/\/phsflorist.com\/index.php?rest_route=%2Fwp%2Fv2%2Fproduct_tag&post=2962"}],"curies":[{"name":"wp","href":"https:\/\/api.w.org\/{rel}","templated":true}]}}