{"id":2954,"date":"2025-07-10T23:21:29","date_gmt":"2025-07-10T16:21:29","guid":{"rendered":"https:\/\/phsflorist.com\/?post_type=product&#038;p=2954"},"modified":"2025-09-18T18:48:27","modified_gmt":"2025-09-18T11:48:27","slug":"hl002","status":"publish","type":"product","link":"https:\/\/phsflorist.com\/?product=hl002","title":{"rendered":"HL014"},"content":{"rendered":"<p>Hoa lan l\u00e0 m\u1ed9t trong nh\u1eefng lo\u00e0i hoa sang tr\u1ecdng v\u00e0 tinh t\u1ebf nh\u1ea5t, v\u00ec v\u1eady khi d\u00f9ng l\u00e0m qu\u00e0 t\u1eb7ng, hoa lan kh\u00f4ng ch\u1ec9 \u0111\u1eb9p v\u1ec1 h\u00ecnh th\u1ee9c m\u00e0 c\u00f2n mang nh\u1eefng \u00fd ngh\u0129a s\u00e2u s\u1eafc, cao qu\u00fd.<\/p>\n<p>D\u01b0\u1edbi \u0111\u00e2y l\u00e0 \u00fd ngh\u0129a c\u1ee7a hoa lan khi d\u00f9ng l\u00e0m qu\u00e0 t\u1eb7ng:<\/p>\n<p>\ud83c\udf38 1. Bi\u1ec3u t\u01b0\u1ee3ng c\u1ee7a s\u1ef1 sang tr\u1ecdng &amp; qu\u00fd ph\u00e1i<br \/>\nV\u1edbi v\u1ebb ngo\u00e0i thanh tao, \u0111\u1ed1i x\u1ee9ng ho\u00e0n h\u1ea3o, hoa lan \u0111\u01b0\u1ee3c xem l\u00e0 bi\u1ec3u t\u01b0\u1ee3ng c\u1ee7a \u0111\u1eb3ng c\u1ea5p v\u00e0 gu th\u1ea9m m\u1ef9 tinh t\u1ebf.<br \/>\n\u27a1 Th\u00edch h\u1ee3p \u0111\u1ec3 t\u1eb7ng: \u0111\u1ed1i t\u00e1c, kh\u00e1ch h\u00e0ng VIP, c\u1ea5p tr\u00ean, ho\u1eb7c trong c\u00e1c d\u1ecbp trang tr\u1ecdng nh\u01b0 khai tr\u01b0\u01a1ng, ch\u00fac m\u1eebng th\u00e0nh c\u00f4ng.<\/p>\n<p>\ud83d\udc9d 2. \u0110\u1ea1i di\u1ec7n cho t\u00ecnh y\u00eau s\u00e2u s\u1eafc v\u00e0 b\u1ec1n l\u00e2u<br \/>\nLan \u2013 \u0111\u1eb7c bi\u1ec7t l\u00e0 lan h\u1ed3 \u0111i\u1ec7p \u2013 mang th\u00f4ng \u0111i\u1ec7p c\u1ee7a m\u1ed9t t\u00ecnh y\u00eau thanh cao, th\u1ee7y chung, v\u1eefng b\u1ec1n theo th\u1eddi gian.<br \/>\n\u27a1 R\u1ea5t \u00fd ngh\u0129a khi t\u1eb7ng ng\u01b0\u1eddi y\u00eau, v\u1ee3\/ch\u1ed3ng, ho\u1eb7c trong ng\u00e0y c\u01b0\u1edbi, k\u1ef7 ni\u1ec7m.<\/p>\n<p>\ud83c\udf3f 3. L\u1eddi ch\u00fac may m\u1eafn &amp; th\u1ecbnh v\u01b0\u1ee3ng<br \/>\nM\u1ed9t s\u1ed1 lo\u1ea1i lan nh\u01b0 lan v\u0169 n\u1eef, lan dendro hay lan h\u1ed3 \u0111i\u1ec7p v\u00e0ng \u0111\u01b0\u1ee3c xem l\u00e0 bi\u1ec3u t\u01b0\u1ee3ng phong th\u1ee7y t\u1ed1t l\u00e0nh: thu h\u00fat t\u00e0i l\u1ed9c, may m\u1eafn v\u00e0 hanh th\u00f4ng.<br \/>\n\u27a1 Th\u01b0\u1eddng \u0111\u01b0\u1ee3c d\u00f9ng t\u1eb7ng v\u00e0o d\u1ecbp T\u1ebft, khai tr\u01b0\u01a1ng, th\u0103ng ch\u1ee9c\u2026<\/p>\n<p>\ud83d\udc69\u200d\ud83c\udf93 4. Th\u1ec3 hi\u1ec7n s\u1ef1 t\u00f4n tr\u1ecdng &amp; bi\u1ebft \u01a1n<br \/>\nV\u1ebb \u0111\u1eb9p thanh nh\u00e3, kh\u00f4ng qu\u00e1 ph\u00f4 tr\u01b0\u01a1ng c\u1ee7a lan c\u0169ng th\u1ec3 hi\u1ec7n s\u1ef1 k\u00ednh tr\u1ecdng, tri \u00e2n.<br \/>\n\u27a1 Ph\u00f9 h\u1ee3p \u0111\u1ec3 t\u1eb7ng th\u1ea7y c\u00f4, cha m\u1eb9, ng\u01b0\u1eddi l\u1edbn tu\u1ed5i ho\u1eb7c nh\u1eefng ng\u01b0\u1eddi b\u1ea1n mu\u1ed1n b\u00e0y t\u1ecf s\u1ef1 tr\u00e2n tr\u1ecdng.<\/p>\n","protected":false},"excerpt":{"rendered":"<p>Hoa lan l\u00e0 m\u1ed9t trong nh\u1eefng lo\u00e0i hoa sang tr\u1ecdng v\u00e0 tinh t\u1ebf nh\u1ea5t, v\u00ec v\u1eady khi d\u00f9ng l\u00e0m qu\u00e0 t\u1eb7ng, hoa lan kh\u00f4ng ch\u1ec9 \u0111\u1eb9p v\u1ec1 h\u00ecnh th\u1ee9c m\u00e0 c\u00f2n mang nh\u1eefng \u00fd ngh\u0129a s\u00e2u s\u1eafc, cao qu\u00fd. D\u01b0\u1edbi \u0111\u00e2y l\u00e0 \u00fd ngh\u0129a c\u1ee7a hoa lan khi d\u00f9ng l\u00e0m qu\u00e0 t\u1eb7ng: \ud83c\udf38 1. Bi\u1ec3u [&#8230;]\n","protected":false},"featured_media":2953,"comment_status":"open","ping_status":"closed","template":"","meta":{"om_disable_all_campaigns":false,"_monsterinsights_skip_tracking":false,"_monsterinsights_sitenote_active":false,"_monsterinsights_sitenote_note":"","_monsterinsights_sitenote_category":0},"product_brand":[],"product_cat":[48],"product_tag":[],"class_list":{"0":"post-2954","1":"product","2":"type-product","3":"status-publish","4":"has-post-thumbnail","6":"product_cat-hoalan","8":"first","9":"instock","10":"shipping-taxable","11":"purchasable","12":"product-type-simple"},"aioseo_notices":[],"_links":{"self":[{"href":"https:\/\/phsflorist.com\/index.php?rest_route=\/wp\/v2\/product\/2954","targetHints":{"allow":["GET"]}}],"collection":[{"href":"https:\/\/phsflorist.com\/index.php?rest_route=\/wp\/v2\/product"}],"about":[{"href":"https:\/\/phsflorist.com\/index.php?rest_route=\/wp\/v2\/types\/product"}],"replies":[{"embeddable":true,"href":"https:\/\/phsflorist.com\/index.php?rest_route=%2Fwp%2Fv2%2Fcomments&post=2954"}],"wp:featuredmedia":[{"embeddable":true,"href":"https:\/\/phsflorist.com\/index.php?rest_route=\/wp\/v2\/media\/2953"}],"wp:attachment":[{"href":"https:\/\/phsflorist.com\/index.php?rest_route=%2Fwp%2Fv2%2Fmedia&parent=2954"}],"wp:term":[{"taxonomy":"product_brand","embeddable":true,"href":"https:\/\/phsflorist.com\/index.php?rest_route=%2Fwp%2Fv2%2Fproduct_brand&post=2954"},{"taxonomy":"product_cat","embeddable":true,"href":"https:\/\/phsflorist.com\/index.php?rest_route=%2Fwp%2Fv2%2Fproduct_cat&post=2954"},{"taxonomy":"product_tag","embeddable":true,"href":"https:\/\/phsflorist.com\/index.php?rest_route=%2Fwp%2Fv2%2Fproduct_tag&post=2954"}],"curies":[{"name":"wp","href":"https:\/\/api.w.org\/{rel}","templated":true}]}}