{"id":2938,"date":"2025-07-10T22:49:12","date_gmt":"2025-07-10T15:49:12","guid":{"rendered":"https:\/\/phsflorist.com\/?post_type=product&#038;p=2938"},"modified":"2025-07-12T18:44:07","modified_gmt":"2025-07-12T11:44:07","slug":"hc004","status":"publish","type":"product","link":"https:\/\/phsflorist.com\/?product=hc004","title":{"rendered":"HC004"},"content":{"rendered":"<p>B\u00f3 hoa c\u01b0\u1edbi c\u00f3 s\u1ef1 k\u1ebft h\u1ee3p gi\u1eefa:<\/p>\n<p>\ud83c\udf3b Hoa h\u01b0\u1edbng d\u01b0\u01a1ng<\/p>\n<p>\ud83d\udc9b Lan v\u0169 n\u1eef v\u00e0ng<\/p>\n<p>\ud83c\udf3f L\u00e1 v\u00e0 thi\u00ean nga m\u1eafc ng\u1ecdc<\/p>\n<p>\u00dd ngh\u0129a c\u1ee7a t\u1eebng lo\u00e0i hoa v\u00e0 \u00fd ngh\u0129a t\u1ed5ng th\u1ec3 c\u1ee7a b\u00f3 hoa:<\/p>\n<p>\ud83c\udf3b Hoa h\u01b0\u1edbng d\u01b0\u01a1ng \u2013 \u201cLu\u00f4n h\u01b0\u1edbng v\u1ec1 ng\u01b0\u1eddi m\u00ecnh y\u00eau\u201d<br \/>\nL\u00e0 bi\u1ec3u t\u01b0\u1ee3ng c\u1ee7a s\u1ef1 th\u1ee7y chung, ni\u1ec1m tin v\u00e0 l\u00f2ng trung th\u00e0nh trong t\u00ecnh y\u00eau. Trong \u0111\u00e1m c\u01b0\u1edbi, h\u01b0\u1edbng d\u01b0\u01a1ng \u0111\u1ea1i di\u1ec7n cho c\u00f4 d\u00e2u lu\u00f4n l\u1ea1c quan, m\u1ea1nh m\u1ebd v\u00e0 lu\u00f4n h\u01b0\u1edbng v\u1ec1 ph\u00eda ng\u01b0\u1eddi th\u01b0\u01a1ng nh\u01b0 h\u01b0\u1edbng d\u01b0\u01a1ng lu\u00f4n h\u01b0\u1edbng v\u1ec1 m\u1eb7t tr\u1eddi.<\/p>\n<p>\ud83d\udc9b Lan v\u0169 n\u1eef v\u00e0ng \u2013 \u201cV\u0169 \u0111i\u1ec7u c\u1ee7a h\u1ea1nh ph\u00fac\u201d<br \/>\nLo\u00e0i hoa nh\u1ecf nh\u1eb9, uy\u1ec3n chuy\u1ec3n t\u01b0\u1ee3ng tr\u01b0ng cho s\u1ef1 duy\u00ean d\u00e1ng, n\u1eef t\u00ednh v\u00e0 h\u1ea1nh ph\u00fac ng\u1eadp tr\u00e0n. Trong b\u00f3 hoa c\u01b0\u1edbi, lan v\u0169 n\u1eef v\u00e0ng mang \u0111\u1ebfn s\u1ef1 may m\u1eafn, th\u1ecbnh v\u01b0\u1ee3ng v\u00e0 ni\u1ec1m vui lan t\u1ecfa.<\/p>\n<p>\ud83c\udf3f Hoa thi\u00ean nga m\u1eaft ng\u1ecdc \u2013 \u201c\u0110i\u1ec1m l\u00e0nh v\u00e0 kh\u1edfi \u0111\u1ea7u t\u01b0\u01a1i s\u00e1ng\u201d<br \/>\nTh\u01b0\u1eddng \u0111\u01b0\u1ee3c d\u00f9ng l\u00e0m \u0111i\u1ec3m nh\u1ea5n tinh t\u1ebf trong b\u00f3 hoa c\u01b0\u1edbi, t\u01b0\u1ee3ng tr\u01b0ng cho s\u1ef1 b\u00ecnh y\u00ean v\u00e0 m\u1ed9t t\u01b0\u01a1ng lai \u1ed5n \u0111\u1ecbnh.<\/p>\n<p>\ud83c\udf89 \u00dd ngh\u0129a t\u1ed5ng th\u1ec3 c\u1ee7a b\u00f3 hoa:<br \/>\n\ud83d\udc9b M\u1ed9t t\u00ecnh y\u00eau \u0111\u1ea7y \u00e1nh s\u00e1ng, tr\u1ecdn v\u1eb9n ni\u1ec1m tin, r\u1ef1c r\u1ee1 nh\u01b0 n\u1eafng \u2013 v\u00e0 s\u1ebd m\u00e3i h\u01b0\u1edbng v\u1ec1 nhau, b\u1ea5t k\u1ec3 ng\u00e0y m\u01b0a hay n\u1eafng.<br \/>\n\u0110\u00e2y l\u00e0 l\u1ef1a ch\u1ecdn ho\u00e0n h\u1ea3o cho c\u00f4 d\u00e2u n\u0103ng \u0111\u1ed9ng, y\u00eau s\u1ef1 \u0111\u01a1n gi\u1ea3n m\u00e0 v\u1eabn n\u1ed5i b\u1eadt, mang theo tinh th\u1ea7n vui t\u01b0\u01a1i, m\u1ea1nh m\u1ebd v\u00e0 \u0111\u1ea7y hy v\u1ecdng.<\/p>\n","protected":false},"excerpt":{"rendered":"<p>B\u00f3 hoa c\u01b0\u1edbi c\u00f3 s\u1ef1 k\u1ebft h\u1ee3p gi\u1eefa: \ud83c\udf3b Hoa h\u01b0\u1edbng d\u01b0\u01a1ng \ud83d\udc9b Lan v\u0169 n\u1eef v\u00e0ng \ud83c\udf3f L\u00e1 v\u00e0 thi\u00ean nga m\u1eafc ng\u1ecdc \u00dd ngh\u0129a c\u1ee7a t\u1eebng lo\u00e0i hoa v\u00e0 \u00fd ngh\u0129a t\u1ed5ng th\u1ec3 c\u1ee7a b\u00f3 hoa: \ud83c\udf3b Hoa h\u01b0\u1edbng d\u01b0\u01a1ng \u2013 \u201cLu\u00f4n h\u01b0\u1edbng v\u1ec1 ng\u01b0\u1eddi m\u00ecnh y\u00eau\u201d L\u00e0 bi\u1ec3u t\u01b0\u1ee3ng c\u1ee7a s\u1ef1 th\u1ee7y [&#8230;]\n","protected":false},"featured_media":2940,"comment_status":"open","ping_status":"closed","template":"","meta":{"om_disable_all_campaigns":false,"_monsterinsights_skip_tracking":false,"_monsterinsights_sitenote_active":false,"_monsterinsights_sitenote_note":"","_monsterinsights_sitenote_category":0},"product_brand":[],"product_cat":[17],"product_tag":[],"class_list":{"0":"post-2938","1":"product","2":"type-product","3":"status-publish","4":"has-post-thumbnail","6":"product_cat-bouquets","8":"first","9":"instock","10":"shipping-taxable","11":"purchasable","12":"product-type-simple"},"aioseo_notices":[],"_links":{"self":[{"href":"https:\/\/phsflorist.com\/index.php?rest_route=\/wp\/v2\/product\/2938","targetHints":{"allow":["GET"]}}],"collection":[{"href":"https:\/\/phsflorist.com\/index.php?rest_route=\/wp\/v2\/product"}],"about":[{"href":"https:\/\/phsflorist.com\/index.php?rest_route=\/wp\/v2\/types\/product"}],"replies":[{"embeddable":true,"href":"https:\/\/phsflorist.com\/index.php?rest_route=%2Fwp%2Fv2%2Fcomments&post=2938"}],"wp:featuredmedia":[{"embeddable":true,"href":"https:\/\/phsflorist.com\/index.php?rest_route=\/wp\/v2\/media\/2940"}],"wp:attachment":[{"href":"https:\/\/phsflorist.com\/index.php?rest_route=%2Fwp%2Fv2%2Fmedia&parent=2938"}],"wp:term":[{"taxonomy":"product_brand","embeddable":true,"href":"https:\/\/phsflorist.com\/index.php?rest_route=%2Fwp%2Fv2%2Fproduct_brand&post=2938"},{"taxonomy":"product_cat","embeddable":true,"href":"https:\/\/phsflorist.com\/index.php?rest_route=%2Fwp%2Fv2%2Fproduct_cat&post=2938"},{"taxonomy":"product_tag","embeddable":true,"href":"https:\/\/phsflorist.com\/index.php?rest_route=%2Fwp%2Fv2%2Fproduct_tag&post=2938"}],"curies":[{"name":"wp","href":"https:\/\/api.w.org\/{rel}","templated":true}]}}