{"id":2928,"date":"2025-07-10T22:29:57","date_gmt":"2025-07-10T15:29:57","guid":{"rendered":"https:\/\/phsflorist.com\/?post_type=product&#038;p=2928"},"modified":"2025-07-10T22:36:17","modified_gmt":"2025-07-10T15:36:17","slug":"hc002","status":"publish","type":"product","link":"https:\/\/phsflorist.com\/?product=hc002","title":{"rendered":"HC002"},"content":{"rendered":"<p>\ud83d\udc8d B\u00f3 Hoa C\u1ea7m Tay \u201cThanh Khi\u1ebft\u201d \u2013 S\u1ef1 Tinh T\u1ebf C\u1ee7a M\u1ed9t T\u00ecnh Y\u00eau V\u0129nh C\u1eedu \ud83e\udd0d<\/p>\n<p>T\u1eebng c\u00e1nh lan h\u1ed3 \u0111i\u1ec7p tr\u1eafng m\u1ec1m m\u1ea1i nh\u01b0 l\u1ee5a, mang v\u1ebb \u0111\u1eb9p thanh khi\u1ebft v\u00e0 qu\u00fd ph\u00e1i \u2013 bi\u1ec3u t\u01b0\u1ee3ng cho t\u00ecnh y\u00eau thu\u1ea7n khi\u1ebft, b\u1ec1n v\u1eefng v\u00e0 sang tr\u1ecdng.<br \/>\nK\u1ebft h\u1ee3p c\u00f9ng nh\u1eefng nh\u00e0nh hoa d\u1ea1i nh\u1eb9 nh\u00e0ng, b\u00f3 hoa mang l\u1ea1i c\u1ea3m gi\u00e1c t\u1ef1 nhi\u00ean, thanh tao nh\u01b0ng v\u1eabn n\u1ed5i b\u1eadt trong t\u1eebng kho\u1ea3nh kh\u1eafc.<\/p>\n<p>Ph\u00f9 h\u1ee3p cho:<br \/>\n\ud83d\udc70\u200d\u2640\ufe0f C\u00f4 d\u00e2u y\u00eau phong c\u00e1ch t\u1ed1i gi\u1ea3n \u2013 tinh t\u1ebf \u2013 hi\u1ec7n \u0111\u1ea1i<br \/>\n\ud83d\udcf7 \u1ea2nh c\u01b0\u1edbi ngo\u00e0i tr\u1eddi, ti\u1ec7c c\u01b0\u1edbi thanh l\u1ecbch<br \/>\n\ud83d\udc8c L\u1eddi ch\u00fac: &#8220;Y\u00eau m\u1ed9t ng\u01b0\u1eddi kh\u00f4ng v\u00ec \u0111i\u1ec1u g\u00ec, ch\u1ec9 v\u00ec h\u1ecd l\u00e0 \u00e1nh s\u00e1ng d\u1ecbu d\u00e0ng gi\u1eefa \u0111\u1eddi.&#8221;<\/p>\n","protected":false},"excerpt":{"rendered":"<p>\ud83d\udc8d B\u00f3 Hoa C\u1ea7m Tay \u201cThanh Khi\u1ebft\u201d \u2013 S\u1ef1 Tinh T\u1ebf C\u1ee7a M\u1ed9t T\u00ecnh Y\u00eau V\u0129nh C\u1eedu \ud83e\udd0d T\u1eebng c\u00e1nh lan h\u1ed3 \u0111i\u1ec7p tr\u1eafng m\u1ec1m m\u1ea1i nh\u01b0 l\u1ee5a, mang v\u1ebb \u0111\u1eb9p thanh khi\u1ebft v\u00e0 qu\u00fd ph\u00e1i \u2013 bi\u1ec3u t\u01b0\u1ee3ng cho t\u00ecnh y\u00eau thu\u1ea7n khi\u1ebft, b\u1ec1n v\u1eefng v\u00e0 sang tr\u1ecdng. K\u1ebft h\u1ee3p c\u00f9ng nh\u1eefng nh\u00e0nh hoa [&#8230;]\n","protected":false},"featured_media":2929,"comment_status":"open","ping_status":"closed","template":"","meta":{"om_disable_all_campaigns":false,"_monsterinsights_skip_tracking":false,"_monsterinsights_sitenote_active":false,"_monsterinsights_sitenote_note":"","_monsterinsights_sitenote_category":0},"product_brand":[],"product_cat":[17],"product_tag":[],"class_list":{"0":"post-2928","1":"product","2":"type-product","3":"status-publish","4":"has-post-thumbnail","6":"product_cat-bouquets","8":"first","9":"instock","10":"shipping-taxable","11":"purchasable","12":"product-type-simple"},"aioseo_notices":[],"_links":{"self":[{"href":"https:\/\/phsflorist.com\/index.php?rest_route=\/wp\/v2\/product\/2928","targetHints":{"allow":["GET"]}}],"collection":[{"href":"https:\/\/phsflorist.com\/index.php?rest_route=\/wp\/v2\/product"}],"about":[{"href":"https:\/\/phsflorist.com\/index.php?rest_route=\/wp\/v2\/types\/product"}],"replies":[{"embeddable":true,"href":"https:\/\/phsflorist.com\/index.php?rest_route=%2Fwp%2Fv2%2Fcomments&post=2928"}],"wp:featuredmedia":[{"embeddable":true,"href":"https:\/\/phsflorist.com\/index.php?rest_route=\/wp\/v2\/media\/2929"}],"wp:attachment":[{"href":"https:\/\/phsflorist.com\/index.php?rest_route=%2Fwp%2Fv2%2Fmedia&parent=2928"}],"wp:term":[{"taxonomy":"product_brand","embeddable":true,"href":"https:\/\/phsflorist.com\/index.php?rest_route=%2Fwp%2Fv2%2Fproduct_brand&post=2928"},{"taxonomy":"product_cat","embeddable":true,"href":"https:\/\/phsflorist.com\/index.php?rest_route=%2Fwp%2Fv2%2Fproduct_cat&post=2928"},{"taxonomy":"product_tag","embeddable":true,"href":"https:\/\/phsflorist.com\/index.php?rest_route=%2Fwp%2Fv2%2Fproduct_tag&post=2928"}],"curies":[{"name":"wp","href":"https:\/\/api.w.org\/{rel}","templated":true}]}}