{"id":2921,"date":"2025-07-10T21:24:30","date_gmt":"2025-07-10T14:24:30","guid":{"rendered":"https:\/\/phsflorist.com\/?post_type=product&#038;p=2921"},"modified":"2025-07-10T22:25:32","modified_gmt":"2025-07-10T15:25:32","slug":"hc001","status":"publish","type":"product","link":"https:\/\/phsflorist.com\/?product=hc001","title":{"rendered":"HC001"},"content":{"rendered":"<p>\ud83d\udc9b HOA C\u1ea6M TAY &#8220;S\u1eaeC N\u1eaeNG NG\u1eccT NG\u00c0O&#8221; \u2013 KHI THANH L\u1ecaCH V\u00c0 R\u1ef0C R\u1ee0 G\u1eb6P NHAU \ud83d\udc90<\/p>\n<p>Mang n\u00e9t \u0111\u1eb9p hi\u1ec7n \u0111\u1ea1i v\u00e0 tinh t\u1ebf, b\u00f3 hoa c\u01b0\u1edbi l\u00e0 s\u1ef1 k\u1ebft h\u1ee3p h\u00e0i h\u00f2a gi\u1eefa:<br \/>\n\u2728 Lan h\u1ed3 \u0111i\u1ec7p tr\u1eafng \u2013 bi\u1ec3u t\u01b0\u1ee3ng c\u1ee7a s\u1ef1 thanh cao v\u00e0 duy\u00ean d\u00e1ng<br \/>\n\ud83c\udf3c Lan v\u0169 n\u1eef v\u00e0ng \u2013 nh\u01b0 nh\u1eefng v\u0169 \u0111i\u1ec7u r\u1ed9n r\u00e0ng, mang \u0111\u1ebfn n\u0103ng l\u01b0\u1ee3ng t\u00edch c\u1ef1c<br \/>\n\ud83e\udde1 Calla cam \u2013 v\u1ebb \u0111\u1eb9p ki\u00eau sa, \u0111\u1ea1i di\u1ec7n cho s\u1ef1 sang tr\u1ecdng v\u00e0 c\u00e1 t\u00ednh<\/p>\n<p>C\u00f4 d\u00e2u s\u1ebd th\u1eadt xinh th\u1eadt xinh khi k\u1ebft h\u1ee3p v\u00e1y c\u01b0\u1edbi m\u00e0u tr\u1eafng v\u1edbi b\u00f3 hoa c\u01b0\u1edbi n\u00e0y.<\/p>\n","protected":false},"excerpt":{"rendered":"<p>\ud83d\udc9b HOA C\u1ea6M TAY &#8220;S\u1eaeC N\u1eaeNG NG\u1eccT NG\u00c0O&#8221; \u2013 KHI THANH L\u1ecaCH V\u00c0 R\u1ef0C R\u1ee0 G\u1eb6P NHAU \ud83d\udc90 Mang n\u00e9t \u0111\u1eb9p hi\u1ec7n \u0111\u1ea1i v\u00e0 tinh t\u1ebf, b\u00f3 hoa c\u01b0\u1edbi l\u00e0 s\u1ef1 k\u1ebft h\u1ee3p h\u00e0i h\u00f2a gi\u1eefa: \u2728 Lan h\u1ed3 \u0111i\u1ec7p tr\u1eafng \u2013 bi\u1ec3u t\u01b0\u1ee3ng c\u1ee7a s\u1ef1 thanh cao v\u00e0 duy\u00ean d\u00e1ng \ud83c\udf3c Lan v\u0169 n\u1eef [&#8230;]\n","protected":false},"featured_media":2927,"comment_status":"open","ping_status":"closed","template":"","meta":{"om_disable_all_campaigns":false,"_monsterinsights_skip_tracking":false,"_monsterinsights_sitenote_active":false,"_monsterinsights_sitenote_note":"","_monsterinsights_sitenote_category":0},"product_brand":[],"product_cat":[17],"product_tag":[],"class_list":{"0":"post-2921","1":"product","2":"type-product","3":"status-publish","4":"has-post-thumbnail","6":"product_cat-bouquets","8":"first","9":"instock","10":"shipping-taxable","11":"purchasable","12":"product-type-simple"},"aioseo_notices":[],"_links":{"self":[{"href":"https:\/\/phsflorist.com\/index.php?rest_route=\/wp\/v2\/product\/2921","targetHints":{"allow":["GET"]}}],"collection":[{"href":"https:\/\/phsflorist.com\/index.php?rest_route=\/wp\/v2\/product"}],"about":[{"href":"https:\/\/phsflorist.com\/index.php?rest_route=\/wp\/v2\/types\/product"}],"replies":[{"embeddable":true,"href":"https:\/\/phsflorist.com\/index.php?rest_route=%2Fwp%2Fv2%2Fcomments&post=2921"}],"wp:featuredmedia":[{"embeddable":true,"href":"https:\/\/phsflorist.com\/index.php?rest_route=\/wp\/v2\/media\/2927"}],"wp:attachment":[{"href":"https:\/\/phsflorist.com\/index.php?rest_route=%2Fwp%2Fv2%2Fmedia&parent=2921"}],"wp:term":[{"taxonomy":"product_brand","embeddable":true,"href":"https:\/\/phsflorist.com\/index.php?rest_route=%2Fwp%2Fv2%2Fproduct_brand&post=2921"},{"taxonomy":"product_cat","embeddable":true,"href":"https:\/\/phsflorist.com\/index.php?rest_route=%2Fwp%2Fv2%2Fproduct_cat&post=2921"},{"taxonomy":"product_tag","embeddable":true,"href":"https:\/\/phsflorist.com\/index.php?rest_route=%2Fwp%2Fv2%2Fproduct_tag&post=2921"}],"curies":[{"name":"wp","href":"https:\/\/api.w.org\/{rel}","templated":true}]}}