{"id":2768,"date":"2025-07-09T23:29:32","date_gmt":"2025-07-09T16:29:32","guid":{"rendered":"https:\/\/phsflorist.com\/?post_type=product&#038;p=2768"},"modified":"2025-10-06T06:54:50","modified_gmt":"2025-10-05T23:54:50","slug":"tc002","status":"publish","type":"product","link":"https:\/\/phsflorist.com\/?product=tc002","title":{"rendered":"HB009"},"content":{"rendered":"<p data-start=\"0\" data-end=\"65\"><strong data-start=\"0\" data-end=\"65\">\ud83d\udc90 B\u00f3 hoa pastel xanh \u2013 h\u1ed3ng \u2013 tr\u1eafng: D\u1ecbu d\u00e0ng nh\u01b0 s\u1edbm mai \ud83d\udc90<\/strong><\/p>\n<p data-start=\"67\" data-end=\"123\">B\u00f3 hoa l\u00e0 s\u1ef1 k\u1ebft h\u1ee3p ho\u00e0n h\u1ea3o gi\u1eefa ba gam m\u00e0u d\u1ecbu nh\u1eb9:<\/p>\n<ul data-start=\"124\" data-end=\"355\">\n<li data-start=\"124\" data-end=\"190\">\n<p data-start=\"126\" data-end=\"190\">\ud83d\udc99 <strong data-start=\"129\" data-end=\"148\">C\u1ea9m t\u00fa c\u1ea7u xanh<\/strong> \u2013 bi\u1ec3u t\u01b0\u1ee3ng c\u1ee7a s\u1ef1 b\u00ecnh y\u00ean v\u00e0 tinh t\u1ebf<\/p>\n<\/li>\n<li data-start=\"191\" data-end=\"288\">\n<p data-start=\"193\" data-end=\"288\">\ud83c\udf38 <strong data-start=\"196\" data-end=\"251\">H\u1ed3ng pastel t\u1eeb hoa h\u1ed3ng, c\u1ea9m t\u00fa c\u1ea7u, \u0111\u1ed3ng ti\u1ec1n mini<\/strong> \u2013 mang theo s\u1ef1 ng\u1ecdt ng\u00e0o, l\u00e3ng m\u1ea1n<\/p>\n<\/li>\n<li data-start=\"289\" data-end=\"355\">\n<p data-start=\"291\" data-end=\"355\">\ud83c\udf3c <strong data-start=\"294\" data-end=\"324\">C\u00fac tr\u1eafng, baby v\u00e0 l\u00e1 \u0111\u1ed3ng ti\u1ec1n<\/strong>\u00a0\u2013 \u0111i\u1ec3m t\u00f4 nh\u1eb9 nh\u00e0ng, tinh kh\u00f4i<\/p>\n<\/li>\n<\/ul>\n<p data-start=\"357\" data-end=\"488\">\u0110\u01b0\u1ee3c g\u00f3i trong gi\u1ea5y tr\u1eafng trang nh\u00e3 v\u00e0 th\u1eaft ruy b\u0103ng l\u1ee5a tinh t\u1ebf, b\u00f3 hoa nh\u01b0 m\u1ed9t l\u00e0n gi\u00f3 m\u00e1t l\u00e0nh \u2013 v\u1eeba \u0111\u1ee7 n\u1ed5i b\u1eadt, v\u1eeba \u0111\u1ee7 tinh t\u1ebf.<\/p>\n<p data-start=\"490\" data-end=\"688\"><strong data-start=\"490\" data-end=\"516\">Th\u00edch h\u1ee3p cho c\u00e1c d\u1ecbp:<\/strong><br \/>\n\u2728 T\u1eb7ng ng\u01b0\u1eddi th\u01b0\u01a1ng, t\u1eb7ng v\u1ee3\/ng\u01b0\u1eddi y\u00eau<br data-start=\"555\" data-end=\"558\" \/>\ud83c\udf89 M\u1eebng sinh nh\u1eadt, ng\u00e0y k\u1ef7 ni\u1ec7m<br data-start=\"589\" data-end=\"592\" \/>\ud83c\udf93 Ch\u00fac m\u1eebng t\u1ed1t nghi\u1ec7p, th\u0103ng ch\u1ee9c<br data-start=\"627\" data-end=\"630\" \/>\ud83d\udc8c G\u1eedi l\u1eddi y\u00eau, l\u1eddi c\u1ea3m \u01a1n ho\u1eb7c xin l\u1ed7i m\u1ed9t c\u00e1ch nh\u1eb9 nh\u00e0ng<\/p>\n<p data-start=\"690\" data-end=\"813\"><strong data-start=\"690\" data-end=\"705\">Th\u00f4ng \u0111i\u1ec7p:<\/strong> \u201cEm l\u00e0 b\u1ea3n h\u00f2a ca d\u1ecbu \u00eam gi\u1eefa nh\u1eefng ng\u00e0y t\u1ea5t b\u1eadt \u2013 nh\u01b0 b\u00f3 hoa n\u00e0y, m\u1ed9c m\u1ea1c nh\u01b0ng khi\u1ebfn l\u00f2ng ng\u01b0\u1eddi say \u0111\u1eafm.\u201d<\/p>\n","protected":false},"excerpt":{"rendered":"<p>\ud83d\udc90 B\u00f3 hoa pastel xanh \u2013 h\u1ed3ng \u2013 tr\u1eafng: D\u1ecbu d\u00e0ng nh\u01b0 s\u1edbm mai \ud83d\udc90 B\u00f3 hoa l\u00e0 s\u1ef1 k\u1ebft h\u1ee3p ho\u00e0n h\u1ea3o gi\u1eefa ba gam m\u00e0u d\u1ecbu nh\u1eb9: \ud83d\udc99 C\u1ea9m t\u00fa c\u1ea7u xanh \u2013 bi\u1ec3u t\u01b0\u1ee3ng c\u1ee7a s\u1ef1 b\u00ecnh y\u00ean v\u00e0 tinh t\u1ebf \ud83c\udf38 H\u1ed3ng pastel t\u1eeb hoa h\u1ed3ng, c\u1ea9m t\u00fa c\u1ea7u, \u0111\u1ed3ng ti\u1ec1n [&#8230;]\n","protected":false},"featured_media":2769,"comment_status":"open","ping_status":"closed","template":"","meta":{"om_disable_all_campaigns":false,"_monsterinsights_skip_tracking":false,"_monsterinsights_sitenote_active":false,"_monsterinsights_sitenote_note":"","_monsterinsights_sitenote_category":0},"product_brand":[],"product_cat":[49],"product_tag":[],"class_list":{"0":"post-2768","1":"product","2":"type-product","3":"status-publish","4":"has-post-thumbnail","6":"product_cat-hoa-bo","8":"first","9":"instock","10":"shipping-taxable","11":"purchasable","12":"product-type-simple"},"aioseo_notices":[],"_links":{"self":[{"href":"https:\/\/phsflorist.com\/index.php?rest_route=\/wp\/v2\/product\/2768","targetHints":{"allow":["GET"]}}],"collection":[{"href":"https:\/\/phsflorist.com\/index.php?rest_route=\/wp\/v2\/product"}],"about":[{"href":"https:\/\/phsflorist.com\/index.php?rest_route=\/wp\/v2\/types\/product"}],"replies":[{"embeddable":true,"href":"https:\/\/phsflorist.com\/index.php?rest_route=%2Fwp%2Fv2%2Fcomments&post=2768"}],"wp:featuredmedia":[{"embeddable":true,"href":"https:\/\/phsflorist.com\/index.php?rest_route=\/wp\/v2\/media\/2769"}],"wp:attachment":[{"href":"https:\/\/phsflorist.com\/index.php?rest_route=%2Fwp%2Fv2%2Fmedia&parent=2768"}],"wp:term":[{"taxonomy":"product_brand","embeddable":true,"href":"https:\/\/phsflorist.com\/index.php?rest_route=%2Fwp%2Fv2%2Fproduct_brand&post=2768"},{"taxonomy":"product_cat","embeddable":true,"href":"https:\/\/phsflorist.com\/index.php?rest_route=%2Fwp%2Fv2%2Fproduct_cat&post=2768"},{"taxonomy":"product_tag","embeddable":true,"href":"https:\/\/phsflorist.com\/index.php?rest_route=%2Fwp%2Fv2%2Fproduct_tag&post=2768"}],"curies":[{"name":"wp","href":"https:\/\/api.w.org\/{rel}","templated":true}]}}