{"id":2759,"date":"2025-07-09T22:14:38","date_gmt":"2025-07-09T15:14:38","guid":{"rendered":"https:\/\/phsflorist.com\/?post_type=product&#038;p=2759"},"modified":"2025-07-30T23:38:44","modified_gmt":"2025-07-30T16:38:44","slug":"2759","status":"publish","type":"product","link":"https:\/\/phsflorist.com\/?product=2759","title":{"rendered":"HB028"},"content":{"rendered":"<p data-start=\"0\" data-end=\"50\"><strong data-start=\"0\" data-end=\"50\">\ud83c\udf3b B\u00f3 hoa h\u01b0\u1edbng d\u01b0\u01a1ng \u2013 T\u1ecfa n\u1eafng y\u00eau th\u01b0\u01a1ng \ud83c\udf3b<\/strong><\/p>\n<p data-start=\"52\" data-end=\"286\">B\u00f3 hoa \u0111\u01b0\u1ee3c thi\u1ebft k\u1ebf n\u1ed5i b\u1eadt v\u1edbi s\u1eafc v\u00e0ng r\u1ef1c r\u1ee1 t\u1eeb nh\u1eefng b\u00f4ng <strong data-start=\"115\" data-end=\"149\">h\u01b0\u1edbng d\u01b0\u01a1ng c\u0103ng tr\u00e0n s\u1ee9c s\u1ed1ng<\/strong>, k\u1ebft h\u1ee3p c\u00f9ng <strong data-start=\"164\" data-end=\"185\">bi tr\u1eafng nh\u1ecf xinh<\/strong> nh\u01b0 nh\u1eefng v\u00ec sao l\u1ea5p l\u00e1nh v\u00e0 \u0111i\u1ec3m xuy\u1ebft b\u1eb1ng <strong data-start=\"231\" data-end=\"250\">c\u1ecf n\u1ee5 xanh m\u01b0\u1edbt<\/strong> t\u1ea1o n\u00ean t\u1ed5ng th\u1ec3 h\u00e0i h\u00f2a, t\u01b0\u01a1i m\u1edbi.<\/p>\n<p data-start=\"288\" data-end=\"433\">\u0110\u01b0\u1ee3c g\u00f3i trong l\u1edbp gi\u1ea5y kraft n\u00e2u \u1ea5m \u00e1p v\u00e0 k\u1ebft n\u01a1 l\u1ee5a tr\u1eafng tinh t\u1ebf, b\u00f3 hoa mang \u0111\u1eadm phong c\u00e1ch <strong data-start=\"384\" data-end=\"413\">m\u1ed9c m\u1ea1c nh\u01b0ng \u0111\u1ea7y tinh t\u1ebf<\/strong> \u2013 r\u1ea5t th\u00edch h\u1ee3p \u0111\u1ec3:<\/p>\n<p data-start=\"435\" data-end=\"583\">\ud83d\udc9b T\u1eb7ng ng\u01b0\u1eddi y\u00eau th\u01b0\u01a1ng nh\u01b0 l\u1eddi \u0111\u1ed9ng vi\u00ean, c\u1ed5 v\u0169<br data-start=\"484\" data-end=\"487\" \/>\ud83c\udf93 T\u1eb7ng b\u1ea1n b\u00e8 d\u1ecbp t\u1ed1t nghi\u1ec7p, khai tr\u01b0\u01a1ng<br data-start=\"529\" data-end=\"532\" \/>\ud83c\udf81 L\u00e0 m\u00f3n qu\u00e0 \u00fd ngh\u0129a cho ng\u00e0y sinh nh\u1eadt, k\u1ef7 ni\u1ec7m<\/p>\n<p data-start=\"585\" data-end=\"685\"><strong data-start=\"585\" data-end=\"600\">Th\u00f4ng \u0111i\u1ec7p:<\/strong> \u201cH\u00e3y lu\u00f4n h\u01b0\u1edbng v\u1ec1 ph\u00eda m\u1eb7t tr\u1eddi, nh\u01b0 nh\u1eefng \u0111\u00f3a h\u01b0\u1edbng d\u01b0\u01a1ng \u2013 r\u1ef1c r\u1ee1 v\u00e0 ki\u00ean c\u01b0\u1eddng.\u201d<\/p>\n","protected":false},"excerpt":{"rendered":"<p>\ud83c\udf3b B\u00f3 hoa h\u01b0\u1edbng d\u01b0\u01a1ng \u2013 T\u1ecfa n\u1eafng y\u00eau th\u01b0\u01a1ng \ud83c\udf3b B\u00f3 hoa \u0111\u01b0\u1ee3c thi\u1ebft k\u1ebf n\u1ed5i b\u1eadt v\u1edbi s\u1eafc v\u00e0ng r\u1ef1c r\u1ee1 t\u1eeb nh\u1eefng b\u00f4ng h\u01b0\u1edbng d\u01b0\u01a1ng c\u0103ng tr\u00e0n s\u1ee9c s\u1ed1ng, k\u1ebft h\u1ee3p c\u00f9ng bi tr\u1eafng nh\u1ecf xinh nh\u01b0 nh\u1eefng v\u00ec sao l\u1ea5p l\u00e1nh v\u00e0 \u0111i\u1ec3m xuy\u1ebft b\u1eb1ng c\u1ecf n\u1ee5 xanh m\u01b0\u1edbt t\u1ea1o n\u00ean [&#8230;]\n","protected":false},"featured_media":2760,"comment_status":"open","ping_status":"closed","template":"","meta":{"om_disable_all_campaigns":false,"_monsterinsights_skip_tracking":false,"_monsterinsights_sitenote_active":false,"_monsterinsights_sitenote_note":"","_monsterinsights_sitenote_category":0},"product_brand":[],"product_cat":[49],"product_tag":[],"class_list":{"0":"post-2759","1":"product","2":"type-product","3":"status-publish","4":"has-post-thumbnail","6":"product_cat-hoa-bo","8":"first","9":"instock","10":"shipping-taxable","11":"purchasable","12":"product-type-simple"},"aioseo_notices":[],"_links":{"self":[{"href":"https:\/\/phsflorist.com\/index.php?rest_route=\/wp\/v2\/product\/2759","targetHints":{"allow":["GET"]}}],"collection":[{"href":"https:\/\/phsflorist.com\/index.php?rest_route=\/wp\/v2\/product"}],"about":[{"href":"https:\/\/phsflorist.com\/index.php?rest_route=\/wp\/v2\/types\/product"}],"replies":[{"embeddable":true,"href":"https:\/\/phsflorist.com\/index.php?rest_route=%2Fwp%2Fv2%2Fcomments&post=2759"}],"wp:featuredmedia":[{"embeddable":true,"href":"https:\/\/phsflorist.com\/index.php?rest_route=\/wp\/v2\/media\/2760"}],"wp:attachment":[{"href":"https:\/\/phsflorist.com\/index.php?rest_route=%2Fwp%2Fv2%2Fmedia&parent=2759"}],"wp:term":[{"taxonomy":"product_brand","embeddable":true,"href":"https:\/\/phsflorist.com\/index.php?rest_route=%2Fwp%2Fv2%2Fproduct_brand&post=2759"},{"taxonomy":"product_cat","embeddable":true,"href":"https:\/\/phsflorist.com\/index.php?rest_route=%2Fwp%2Fv2%2Fproduct_cat&post=2759"},{"taxonomy":"product_tag","embeddable":true,"href":"https:\/\/phsflorist.com\/index.php?rest_route=%2Fwp%2Fv2%2Fproduct_tag&post=2759"}],"curies":[{"name":"wp","href":"https:\/\/api.w.org\/{rel}","templated":true}]}}