{"id":982,"date":"2025-03-03T19:27:04","date_gmt":"2025-03-03T12:27:04","guid":{"rendered":"http:\/\/localhost\/?page_id=982"},"modified":"2025-08-04T20:33:04","modified_gmt":"2025-08-04T13:33:04","slug":"gioi-thieu-dich-vu","status":"publish","type":"page","link":"https:\/\/phsflorist.com\/?page_id=982","title":{"rendered":"Gi\u1edbi thi\u1ec7u"},"content":{"rendered":"\t\t<div data-elementor-type=\"wp-page\" data-elementor-id=\"982\" class=\"elementor elementor-982\" data-elementor-post-type=\"page\">\n\t\t\t\t<div class=\"elementor-element elementor-element-1e63fbe animated-slow e-con-full e-flex elementor-invisible e-con e-parent\" data-id=\"1e63fbe\" data-element_type=\"container\" data-settings=\"{&quot;animation&quot;:&quot;fadeIn&quot;}\">\n\t\t\t\t<div class=\"elementor-element elementor-element-844aa1a elementor-widget elementor-widget-text-editor\" data-id=\"844aa1a\" data-element_type=\"widget\" data-widget_type=\"text-editor.default\">\n\t\t\t\t<div class=\"elementor-widget-container\">\n\t\t\t\t\t\t\t\t\t<p data-start=\"135\" data-end=\"450\"><img decoding=\"async\" draggable=\"false\" role=\"img\" class=\"emoji lazyload\" alt=\"\ud83c\udf38\" data-src=\"https:\/\/s.w.org\/images\/core\/emoji\/15.0.3\/svg\/1f338.svg\" src=\"data:image\/svg+xml;base64,PHN2ZyB3aWR0aD0iMSIgaGVpZ2h0PSIxIiB4bWxucz0iaHR0cDovL3d3dy53My5vcmcvMjAwMC9zdmciPjwvc3ZnPg==\"> <strong data-start=\"138\" data-end=\"185\">Ph\u2019s Florist (Flower shop) \u2013 Hoa T\u01b0\u01a1i G\u1eedi Tr\u1ecdn Y\u00eau Th\u01b0\u01a1ng<\/strong> <img decoding=\"async\" draggable=\"false\" role=\"img\" class=\"emoji lazyload\" alt=\"\ud83c\udf38\" data-src=\"https:\/\/s.w.org\/images\/core\/emoji\/15.0.3\/svg\/1f338.svg\" src=\"data:image\/svg+xml;base64,PHN2ZyB3aWR0aD0iMSIgaGVpZ2h0PSIxIiB4bWxucz0iaHR0cDovL3d3dy53My5vcmcvMjAwMC9zdmciPjwvc3ZnPg==\"><br data-start=\"188\" data-end=\"191\">Ch\u00fang t\u00f4i l\u00e0 <strong data-start=\"204\" data-end=\"220\">Ph\u2019s Florist<\/strong>&nbsp;shop hoa t\u01b0\u01a1i mang \u0111\u1ebfn nh\u1eefng thi\u1ebft k\u1ebf hoa hi\u1ec7n \u0111\u1ea1i, tinh t\u1ebf v\u00e0 \u0111\u1eadm ch\u1ea5t ngh\u1ec7 thu\u1eadt. T\u1ecda l\u1ea1c t\u1ea1i TP.HCM, Ph\u2019s Florist chuy\u00ean cung c\u1ea5p c\u00e1c d\u1ecbch v\u1ee5: hoa b\u00f3, gi\u1ecf hoa, hoa khai tr\u01b0\u01a1ng, hoa sinh nh\u1eadt, hoa c\u01b0\u1edbi, hoa th\u1ea3 b\u00ecnh, hoa ch\u00fac m\u1eebng, hoa chia bu\u1ed3n, hoa s\u1ef1 ki\u1ec7n v\u00e0 trang tr\u00ed theo y\u00eau c\u1ea7u.<\/p>\n<p data-start=\"452\" data-end=\"760\">V\u1edbi ti\u00eau ch\u00ed <strong data-start=\"465\" data-end=\"512\">&#8220;T\u01b0\u01a1i m\u1edbi m\u1ed7i ng\u00e0y \u2013 \u00dd ngh\u0129a t\u1eebng c\u00e1nh hoa&#8221;<\/strong>, ch\u00fang t\u00f4i ch\u1ecdn l\u1ecdc hoa t\u01b0\u01a1i lo\u1ea1i 1, nh\u1eadp m\u1edbi m\u1ed7i ng\u00e0y v\u00e0 \u0111\u01b0\u1ee3c b\u00e0n tay kh\u00e9o l\u00e9o c\u1ee7a nh\u1eefng ngh\u1ec7 nh\u00e2n c\u1eafm hoa s\u00e1ng t\u1ea1o n\u00ean. Kh\u00f4ng ch\u1ec9 l\u00e0 hoa, m\u1ed7i t\u00e1c ph\u1ea9m t\u1eeb Ph\u2019s Florist l\u00e0 m\u1ed9t c\u00e2u chuy\u1ec7n c\u1ea3m x\u00fac \u2013 m\u00f3n qu\u00e0 ch\u00e2n th\u00e0nh d\u00e0nh t\u1eb7ng ng\u01b0\u1eddi b\u1ea1n y\u00eau th\u01b0\u01a1ng.<\/p>\n<p data-start=\"762\" data-end=\"881\"><img decoding=\"async\" draggable=\"false\" role=\"img\" class=\"emoji lazyload\" alt=\"\ud83d\udce6\" data-src=\"https:\/\/s.w.org\/images\/core\/emoji\/15.0.3\/svg\/1f4e6.svg\" src=\"data:image\/svg+xml;base64,PHN2ZyB3aWR0aD0iMSIgaGVpZ2h0PSIxIiB4bWxucz0iaHR0cDovL3d3dy53My5vcmcvMjAwMC9zdmciPjwvc3ZnPg==\"> Giao hoa nhanh ch\u00f3ng trong n\u1ed9i th\u00e0nh<br data-start=\"801\" data-end=\"804\"><img decoding=\"async\" draggable=\"false\" role=\"img\" class=\"emoji lazyload\" alt=\"\ud83d\udcf8\" data-src=\"https:\/\/s.w.org\/images\/core\/emoji\/15.0.3\/svg\/1f4f8.svg\" src=\"data:image\/svg+xml;base64,PHN2ZyB3aWR0aD0iMSIgaGVpZ2h0PSIxIiB4bWxucz0iaHR0cDovL3d3dy53My5vcmcvMjAwMC9zdmciPjwvc3ZnPg==\"> C\u1eadp nh\u1eadt m\u1eabu hoa th\u1eadt m\u1ed7i ng\u00e0y<br data-start=\"837\" data-end=\"840\"><img decoding=\"async\" draggable=\"false\" role=\"img\" class=\"emoji lazyload\" alt=\"\ud83d\udcde\" data-src=\"https:\/\/s.w.org\/images\/core\/emoji\/15.0.3\/svg\/1f4de.svg\" src=\"data:image\/svg+xml;base64,PHN2ZyB3aWR0aD0iMSIgaGVpZ2h0PSIxIiB4bWxucz0iaHR0cDovL3d3dy53My5vcmcvMjAwMC9zdmciPjwvc3ZnPg==\"> T\u01b0 v\u1ea5n t\u1eadn t\u00e2m \u2013 thi\u1ebft k\u1ebf theo y\u00eau c\u1ea7u<\/p>\t\t\t\t\t\t\t\t<\/div>\n\t\t\t\t<\/div>\n\t\t\t\t<\/div>\n\t\t\t\t<\/div>\n\t\t","protected":false},"excerpt":{"rendered":"<p>Ph\u2019s Florist (Flower shop) \u2013 Hoa T\u01b0\u01a1i G\u1eedi Tr\u1ecdn Y\u00eau Th\u01b0\u01a1ng Ch\u00fang t\u00f4i l\u00e0 Ph\u2019s Florist&nbsp;shop hoa t\u01b0\u01a1i mang \u0111\u1ebfn nh\u1eefng thi\u1ebft k\u1ebf hoa hi\u1ec7n \u0111\u1ea1i, tinh t\u1ebf v\u00e0 \u0111\u1eadm ch\u1ea5t ngh\u1ec7 thu\u1eadt. T\u1ecda l\u1ea1c t\u1ea1i TP.HCM, Ph\u2019s Florist chuy\u00ean cung c\u1ea5p c\u00e1c d\u1ecbch v\u1ee5: hoa b\u00f3, gi\u1ecf hoa, hoa khai tr\u01b0\u01a1ng, hoa sinh nh\u1eadt, [&#8230;]\n","protected":false},"author":1,"featured_media":0,"parent":0,"menu_order":0,"comment_status":"closed","ping_status":"closed","template":"elementor_header_footer","meta":{"om_disable_all_campaigns":false,"_monsterinsights_skip_tracking":false,"_monsterinsights_sitenote_active":false,"_monsterinsights_sitenote_note":"","_monsterinsights_sitenote_category":0,"footnotes":""},"class_list":["post-982","page","type-page","status-publish","hentry"],"aioseo_notices":[],"_links":{"self":[{"href":"https:\/\/phsflorist.com\/index.php?rest_route=\/wp\/v2\/pages\/982","targetHints":{"allow":["GET"]}}],"collection":[{"href":"https:\/\/phsflorist.com\/index.php?rest_route=\/wp\/v2\/pages"}],"about":[{"href":"https:\/\/phsflorist.com\/index.php?rest_route=\/wp\/v2\/types\/page"}],"author":[{"embeddable":true,"href":"https:\/\/phsflorist.com\/index.php?rest_route=\/wp\/v2\/users\/1"}],"replies":[{"embeddable":true,"href":"https:\/\/phsflorist.com\/index.php?rest_route=%2Fwp%2Fv2%2Fcomments&post=982"}],"version-history":[{"count":86,"href":"https:\/\/phsflorist.com\/index.php?rest_route=\/wp\/v2\/pages\/982\/revisions"}],"predecessor-version":[{"id":3154,"href":"https:\/\/phsflorist.com\/index.php?rest_route=\/wp\/v2\/pages\/982\/revisions\/3154"}],"wp:attachment":[{"href":"https:\/\/phsflorist.com\/index.php?rest_route=%2Fwp%2Fv2%2Fmedia&parent=982"}],"curies":[{"name":"wp","href":"https:\/\/api.w.org\/{rel}","templated":true}]}}