{"id":776,"date":"2025-03-01T19:50:59","date_gmt":"2025-03-01T12:50:59","guid":{"rendered":"http:\/\/localhost\/?page_id=776"},"modified":"2025-10-17T13:07:38","modified_gmt":"2025-10-17T06:07:38","slug":"lien-he","status":"publish","type":"page","link":"https:\/\/phsflorist.com\/?page_id=776","title":{"rendered":"Li\u00ean H\u1ec7"},"content":{"rendered":"\t\t<div data-elementor-type=\"wp-page\" data-elementor-id=\"776\" class=\"elementor elementor-776\" data-elementor-post-type=\"page\">\n\t\t\t\t<div class=\"elementor-element elementor-element-d5b0232 animated-slow e-flex e-con-boxed elementor-invisible e-con e-parent\" data-id=\"d5b0232\" data-element_type=\"container\" data-settings=\"{&quot;animation&quot;:&quot;fadeIn&quot;}\">\n\t\t\t\t\t<div class=\"e-con-inner\">\n\t\t\t\t<div class=\"elementor-element elementor-element-861856b elementor-widget__width-initial elementor-invisible elementor-widget elementor-widget-heading\" data-id=\"861856b\" data-element_type=\"widget\" data-settings=\"{&quot;_animation&quot;:&quot;fadeIn&quot;}\" data-widget_type=\"heading.default\">\n\t\t\t\t<div class=\"elementor-widget-container\">\n\t\t\t\t\t<h2 class=\"elementor-heading-title elementor-size-default\">V\u1ecb tr\u00ed c\u1ee7a ch\u00fang t\u00f4i\n<\/br>\n<div class=\"cmsmasters_breadcrumbs\"><div class=\"cmsmasters_breadcrumbs_inner\"><a href=\"https:\/\/phsflorist.com\/\" class=\"cms_home\">Trang ch\u1ee7<\/a>\n\t<span class=\"breadcrumbs_sep\">:<\/span>\n\t<span>V\u1ecb tr\u00ed c\u1ee7a ch\u00fang t\u00f4i<\/span>\n<\/div>\n\n<\/div>\n\n<\/h2>\t\t\t\t<\/div>\n\t\t\t\t<\/div>\n\t\t\t\t\t<\/div>\n\t\t\t\t<\/div>\n\t\t<div class=\"elementor-element elementor-element-c1adc21 animated-slow e-flex e-con-boxed elementor-invisible e-con e-parent\" data-id=\"c1adc21\" data-element_type=\"container\" data-settings=\"{&quot;animation&quot;:&quot;fadeIn&quot;}\">\n\t\t\t\t\t<div class=\"e-con-inner\">\n\t\t\t\t<div class=\"elementor-element elementor-element-e93d443 elementor-widget elementor-widget-google_maps\" data-id=\"e93d443\" data-element_type=\"widget\" data-widget_type=\"google_maps.default\">\n\t\t\t\t<div class=\"elementor-widget-container\">\n\t\t\t\t\t\t\t<div class=\"elementor-custom-embed\">\n\t\t\t<iframe\n\t\t\t\t\tdata-src=\"https:\/\/maps.google.com\/maps?q=Ph%27s%20Florist%20%28flower%20shop%29%2C%20S%E1%BB%91%2095%20Nguy%E1%BB%85n%20V%C4%83n%20Th%C6%B0%C6%A1ng%2C%20Ph%C6%B0%E1%BB%9Dng%20Th%E1%BA%A1nh%20M%E1%BB%B9%20T%C3%A2y%2C%20TP.%20H%E1%BB%93%20Ch%C3%AD%20Minh&#038;t=m&#038;z=16&#038;output=embed&#038;iwloc=near\"\n\t\t\t\t\ttitle=\"Ph&#039;s Florist (flower shop), S\u1ed1 95 Nguy\u1ec5n V\u0103n Th\u01b0\u01a1ng, Ph\u01b0\u1eddng Th\u1ea1nh M\u1ef9 T\u00e2y, TP. H\u1ed3 Ch\u00ed Minh\"\n\t\t\t\t\taria-label=\"Ph&#039;s Florist (flower shop), S\u1ed1 95 Nguy\u1ec5n V\u0103n Th\u01b0\u01a1ng, Ph\u01b0\u1eddng Th\u1ea1nh M\u1ef9 T\u00e2y, TP. H\u1ed3 Ch\u00ed Minh\"\n\t\t\t src=\"data:image\/svg+xml;base64,PHN2ZyB3aWR0aD0iMSIgaGVpZ2h0PSIxIiB4bWxucz0iaHR0cDovL3d3dy53My5vcmcvMjAwMC9zdmciPjwvc3ZnPg==\" class=\"lazyload\" data-load-mode=\"1\"><\/iframe>\n\t\t<\/div>\n\t\t\t\t\t\t<\/div>\n\t\t\t\t<\/div>\n\t\t\t\t\t<\/div>\n\t\t\t\t<\/div>\n\t\t<div class=\"elementor-element elementor-element-694218d e-grid animated-slow e-con-boxed elementor-invisible e-con e-parent\" data-id=\"694218d\" data-element_type=\"container\" data-settings=\"{&quot;animation&quot;:&quot;fadeIn&quot;}\">\n\t\t\t\t\t<div class=\"e-con-inner\">\n\t\t<div class=\"elementor-element elementor-element-06a8eff e-grid e-con-full e-con e-child\" data-id=\"06a8eff\" data-element_type=\"container\">\n\t\t\t\t<div class=\"elementor-element elementor-element-ac73517 elementor-view-default elementor-widget elementor-widget-icon\" data-id=\"ac73517\" data-element_type=\"widget\" data-widget_type=\"icon.default\">\n\t\t\t\t<div class=\"elementor-widget-container\">\n\t\t\t\t\t\t\t<div class=\"elementor-icon-wrapper\">\n\t\t\t<div class=\"elementor-icon\">\n\t\t\t<svg aria-hidden=\"true\" class=\"e-font-icon-svg e-fas-phone\" viewBox=\"0 0 512 512\" xmlns=\"http:\/\/www.w3.org\/2000\/svg\"><path d=\"M493.4 24.6l-104-24c-11.3-2.6-22.9 3.3-27.5 13.9l-48 112c-4.2 9.8-1.4 21.3 6.9 28l60.6 49.6c-36 76.7-98.9 140.5-177.2 177.2l-49.6-60.6c-6.8-8.3-18.2-11.1-28-6.9l-112 48C3.9 366.5-2 378.1.6 389.4l24 104C27.1 504.2 36.7 512 48 512c256.1 0 464-207.5 464-464 0-11.2-7.7-20.9-18.6-23.4z\"><\/path><\/svg>\t\t\t<\/div>\n\t\t<\/div>\n\t\t\t\t\t\t<\/div>\n\t\t\t\t<\/div>\n\t\t\t\t<div class=\"elementor-element elementor-element-893efc4 elementor-widget__width-inherit elementor-widget elementor-widget-html\" data-id=\"893efc4\" data-element_type=\"widget\" data-widget_type=\"html.default\">\n\t\t\t\t<div class=\"elementor-widget-container\">\n\t\t\t\t\t<!-- Toastify CSS & JS -->\r\n<link rel=\"stylesheet\" href=\"https:\/\/cdn.jsdelivr.net\/npm\/toastify-js\/src\/toastify.min.css\">\r\n<script src=\"https:\/\/cdn.jsdelivr.net\/npm\/toastify-js\"><\/script>\r\n\r\n<!-- S\u1ed1 \u0111i\u1ec7n tho\u1ea1i k\u00e8m icon copy -->\r\n<span \r\n  class=\"contact__phone contact_title\" \r\n  style=\"cursor: pointer; display: inline-flex; align-items: center; gap: 6px;\" \r\n  onclick=\"copyToClipboard('0347905058')\"\r\n>\r\n  034 790 5058\r\n  <img decoding=\"async\" \r\n    data-src=\"https:\/\/cdn-icons-png.flaticon.com\/512\/1621\/1621635.png\" \r\n    alt=\"Copy icon\" \r\n    width=\"9\" \r\n    height=\"18\" \r\n    style=\"--smush-placeholder-width: 9px; --smush-placeholder-aspect-ratio: 9\/18;vertical-align: middle;\"\r\n   src=\"data:image\/svg+xml;base64,PHN2ZyB3aWR0aD0iMSIgaGVpZ2h0PSIxIiB4bWxucz0iaHR0cDovL3d3dy53My5vcmcvMjAwMC9zdmciPjwvc3ZnPg==\" class=\"lazyload\">\r\n<\/span>\r\n\r\n<!-- Script copy + Toastify -->\r\n<script>\r\n  function copyToClipboard(text) {\r\n    navigator.clipboard.writeText(text)\r\n      .then(() => {\r\n        Toastify({\r\n          text: \"\u0110\u00e3 sao ch\u00e9p s\u1ed1 \u0111i\u1ec7n tho\u1ea1i!\",\r\n          duration: 2000,\r\n          gravity: \"top\",\r\n          position: \"right\",\r\n          backgroundColor: \"#4CAF50\",\r\n          stopOnFocus: true\r\n        }).showToast();\r\n      })\r\n      .catch(err => {\r\n        console.error(\"L\u1ed7i khi sao ch\u00e9p:\", err);\r\n      });\r\n  }\r\n<\/script>\r\n\t\t\t\t<\/div>\n\t\t\t\t<\/div>\n\t\t\t\t<\/div>\n\t\t<div class=\"elementor-element elementor-element-1b8a139 e-grid e-con-full e-con e-child\" data-id=\"1b8a139\" data-element_type=\"container\">\n\t\t\t\t<div class=\"elementor-element elementor-element-2d3ba13 elementor-view-default elementor-widget elementor-widget-icon\" data-id=\"2d3ba13\" data-element_type=\"widget\" data-widget_type=\"icon.default\">\n\t\t\t\t<div class=\"elementor-widget-container\">\n\t\t\t\t\t\t\t<div class=\"elementor-icon-wrapper\">\n\t\t\t<div class=\"elementor-icon\">\n\t\t\t<svg aria-hidden=\"true\" class=\"e-font-icon-svg e-fas-door-open\" viewBox=\"0 0 640 512\" xmlns=\"http:\/\/www.w3.org\/2000\/svg\"><path d=\"M624 448h-80V113.45C544 86.19 522.47 64 496 64H384v64h96v384h144c8.84 0 16-7.16 16-16v-32c0-8.84-7.16-16-16-16zM312.24 1.01l-192 49.74C105.99 54.44 96 67.7 96 82.92V448H16c-8.84 0-16 7.16-16 16v32c0 8.84 7.16 16 16 16h336V33.18c0-21.58-19.56-37.41-39.76-32.17zM264 288c-13.25 0-24-14.33-24-32s10.75-32 24-32 24 14.33 24 32-10.75 32-24 32z\"><\/path><\/svg>\t\t\t<\/div>\n\t\t<\/div>\n\t\t\t\t\t\t<\/div>\n\t\t\t\t<\/div>\n\t\t\t\t<div class=\"elementor-element elementor-element-dfbd0d3 elementor-widget__width-inherit elementor-widget elementor-widget-html\" data-id=\"dfbd0d3\" data-element_type=\"widget\" data-widget_type=\"html.default\">\n\t\t\t\t<div class=\"elementor-widget-container\">\n\t\t\t\t\t<span class=\"daily-from-contact contact_title\">H\u00e0ng ng\u00e0y, t\u1eeb 8 gi\u1edd s\u00e1ng \u0111\u1ebfn 20 gi\u1edd t\u1ed1i<\/span>\r\n\r\n\t\t\t\t<\/div>\n\t\t\t\t<\/div>\n\t\t\t\t<\/div>\n\t\t<div class=\"elementor-element elementor-element-7a82308 e-grid e-con-full e-con e-child\" data-id=\"7a82308\" data-element_type=\"container\">\n\t\t\t\t<div class=\"elementor-element elementor-element-17965b0 elementor-view-default elementor-widget elementor-widget-icon\" data-id=\"17965b0\" data-element_type=\"widget\" data-widget_type=\"icon.default\">\n\t\t\t\t<div class=\"elementor-widget-container\">\n\t\t\t\t\t\t\t<div class=\"elementor-icon-wrapper\">\n\t\t\t<div class=\"elementor-icon\">\n\t\t\t<svg aria-hidden=\"true\" class=\"e-font-icon-svg e-fas-map-marker-alt\" viewBox=\"0 0 384 512\" xmlns=\"http:\/\/www.w3.org\/2000\/svg\"><path d=\"M172.268 501.67C26.97 291.031 0 269.413 0 192 0 85.961 85.961 0 192 0s192 85.961 192 192c0 77.413-26.97 99.031-172.268 309.67-9.535 13.774-29.93 13.773-39.464 0zM192 272c44.183 0 80-35.817 80-80s-35.817-80-80-80-80 35.817-80 80 35.817 80 80 80z\"><\/path><\/svg>\t\t\t<\/div>\n\t\t<\/div>\n\t\t\t\t\t\t<\/div>\n\t\t\t\t<\/div>\n\t\t\t\t<div class=\"elementor-element elementor-element-b348c6c elementor-widget__width-inherit elementor-widget elementor-widget-html\" data-id=\"b348c6c\" data-element_type=\"widget\" data-widget_type=\"html.default\">\n\t\t\t\t<div class=\"elementor-widget-container\">\n\t\t\t\t\t<span class=\"location-contact contact_title\"> S\u1ed1 95 Nguy\u1ec5n V\u0103n Th\u01b0\u01a1ng, Ph\u01b0\u1eddng Th\u1ea1nh M\u1ef9 T\u00e2y, TP. H\u1ed3 Ch\u00ed Minh<\/span>\r\n\r\n\t\t\t\t<\/div>\n\t\t\t\t<\/div>\n\t\t\t\t<\/div>\n\t\t\t\t\t<\/div>\n\t\t\t\t<\/div>\n\t\t\t\t<\/div>\n\t\t","protected":false},"excerpt":{"rendered":"<p>V\u1ecb tr\u00ed c\u1ee7a ch\u00fang t\u00f4i Trang ch\u1ee7 : V\u1ecb tr\u00ed c\u1ee7a ch\u00fang t\u00f4i 034 790 5058 H\u00e0ng ng\u00e0y, t\u1eeb 8 gi\u1edd s\u00e1ng \u0111\u1ebfn 20 gi\u1edd t\u1ed1i S\u1ed1 95 Nguy\u1ec5n V\u0103n Th\u01b0\u01a1ng, Ph\u01b0\u1eddng Th\u1ea1nh M\u1ef9 T\u00e2y, TP. H\u1ed3 Ch\u00ed Minh<\/p>\n","protected":false},"author":1,"featured_media":0,"parent":0,"menu_order":0,"comment_status":"closed","ping_status":"closed","template":"elementor_header_footer","meta":{"om_disable_all_campaigns":false,"_monsterinsights_skip_tracking":false,"_monsterinsights_sitenote_active":false,"_monsterinsights_sitenote_note":"","_monsterinsights_sitenote_category":0,"footnotes":""},"class_list":["post-776","page","type-page","status-publish","hentry"],"aioseo_notices":[],"_links":{"self":[{"href":"https:\/\/phsflorist.com\/index.php?rest_route=\/wp\/v2\/pages\/776","targetHints":{"allow":["GET"]}}],"collection":[{"href":"https:\/\/phsflorist.com\/index.php?rest_route=\/wp\/v2\/pages"}],"about":[{"href":"https:\/\/phsflorist.com\/index.php?rest_route=\/wp\/v2\/types\/page"}],"author":[{"embeddable":true,"href":"https:\/\/phsflorist.com\/index.php?rest_route=\/wp\/v2\/users\/1"}],"replies":[{"embeddable":true,"href":"https:\/\/phsflorist.com\/index.php?rest_route=%2Fwp%2Fv2%2Fcomments&post=776"}],"version-history":[{"count":205,"href":"https:\/\/phsflorist.com\/index.php?rest_route=\/wp\/v2\/pages\/776\/revisions"}],"predecessor-version":[{"id":3709,"href":"https:\/\/phsflorist.com\/index.php?rest_route=\/wp\/v2\/pages\/776\/revisions\/3709"}],"wp:attachment":[{"href":"https:\/\/phsflorist.com\/index.php?rest_route=%2Fwp%2Fv2%2Fmedia&parent=776"}],"curies":[{"name":"wp","href":"https:\/\/api.w.org\/{rel}","templated":true}]}}