{"id":2848,"date":"2025-07-10T12:47:15","date_gmt":"2025-07-10T05:47:15","guid":{"rendered":"https:\/\/phsflorist.com\/?page_id=2848"},"modified":"2025-10-14T10:46:07","modified_gmt":"2025-10-14T03:46:07","slug":"trang-chu-2","status":"publish","type":"page","link":"https:\/\/phsflorist.com\/","title":{"rendered":"Trang ch\u1ee7"},"content":{"rendered":"\t<section class=\"section section-sliders_home-page\" id=\"section_1909351449\">\n\t\t<div class=\"bg section-bg fill bg-fill  bg-loaded\" >\n\n\t\t\t\n\t\t\t\n\t\t\t\n\n\t\t<\/div>\n\n\t\t\n\n\t\t<div class=\"section-content relative\">\n\t\t\t\n<div class=\"slider-wrapper relative\" id=\"slider-1939406626\" >\n    <div class=\"slider slider-nav-circle slider-nav-large slider-nav-light slider-style-normal\"\n        data-flickity-options='{\n            \"cellAlign\": \"center\",\n            \"imagesLoaded\": true,\n            \"lazyLoad\": 1,\n            \"freeScroll\": false,\n            \"wrapAround\": true,\n            \"autoPlay\": 6000,\n            \"pauseAutoPlayOnHover\" : true,\n            \"prevNextButtons\": true,\n            \"contain\" : true,\n            \"adaptiveHeight\" : true,\n            \"dragThreshold\" : 10,\n            \"percentPosition\": true,\n            \"pageDots\": true,\n            \"rightToLeft\": false,\n            \"draggable\": true,\n            \"selectedAttraction\": 0.1,\n            \"parallax\" : 0,\n            \"friction\": 0.6        }'\n        >\n        \n\t<div class=\"img has-hover x md-x lg-x y md-y lg-y\" id=\"image_2142908776\">\n\t\t\t\t\t\t\t\t<div class=\"img-inner dark\" >\n\t\t\t<img fetchpriority=\"high\" decoding=\"async\" width=\"2048\" height=\"1154\" src=\"https:\/\/phsflorist.com\/wp-content\/uploads\/2025\/07\/Cover.jpg\" class=\"attachment-original size-original\" alt=\"Cover\" srcset=\"https:\/\/phsflorist.com\/wp-content\/uploads\/2025\/07\/Cover.jpg 2048w, https:\/\/phsflorist.com\/wp-content\/uploads\/2025\/07\/Cover-300x169.jpg 300w, https:\/\/phsflorist.com\/wp-content\/uploads\/2025\/07\/Cover-1024x577.jpg 1024w, https:\/\/phsflorist.com\/wp-content\/uploads\/2025\/07\/Cover-768x433.jpg 768w, https:\/\/phsflorist.com\/wp-content\/uploads\/2025\/07\/Cover-1536x866.jpg 1536w, https:\/\/phsflorist.com\/wp-content\/uploads\/2025\/07\/Cover-2000x1127.jpg 2000w\" sizes=\"(max-width: 2048px) 100vw, 2048px\" \/>\t\t\t\t\t\t\n\t\t\t\t\t<\/div>\n\t\t\t\t\t\t\t\t\n<style>\n#image_2142908776 {\n  width: 100%;\n}\n<\/style>\n\t<\/div>\n\t\n\t<div class=\"img has-hover x md-x lg-x y md-y lg-y\" id=\"image_97290413\">\n\t\t\t\t\t\t\t\t<div class=\"img-inner dark\" >\n\t\t\t<img decoding=\"async\" width=\"1920\" height=\"1080\" data-src=\"https:\/\/phsflorist.com\/wp-content\/uploads\/2025\/03\/5.png\" class=\"attachment-original size-original lazyload\" alt=\"5\" data-srcset=\"https:\/\/phsflorist.com\/wp-content\/uploads\/2025\/03\/5.png 1920w, https:\/\/phsflorist.com\/wp-content\/uploads\/2025\/03\/5-300x169.png 300w, https:\/\/phsflorist.com\/wp-content\/uploads\/2025\/03\/5-1024x576.png 1024w, https:\/\/phsflorist.com\/wp-content\/uploads\/2025\/03\/5-768x432.png 768w, https:\/\/phsflorist.com\/wp-content\/uploads\/2025\/03\/5-1536x864.png 1536w, https:\/\/phsflorist.com\/wp-content\/uploads\/2025\/03\/5-510x287.png 510w\" data-sizes=\"(max-width: 1920px) 100vw, 1920px\" src=\"data:image\/svg+xml;base64,PHN2ZyB3aWR0aD0iMSIgaGVpZ2h0PSIxIiB4bWxucz0iaHR0cDovL3d3dy53My5vcmcvMjAwMC9zdmciPjwvc3ZnPg==\" style=\"--smush-placeholder-width: 1920px; --smush-placeholder-aspect-ratio: 1920\/1080;\" \/>\t\t\t\t\t\t\n\t\t\t\t\t<\/div>\n\t\t\t\t\t\t\t\t\n<style>\n#image_97290413 {\n  width: 100%;\n}\n<\/style>\n\t<\/div>\n\t\n     <\/div>\n\n     <div class=\"loading-spin dark large centered\"><\/div>\n\n\t<\/div>\n\n\n\t\t<\/div>\n\n\t\t\n<style>\n#section_1909351449 {\n  padding-top: 30px;\n  padding-bottom: 30px;\n}\n<\/style>\n\t<\/section>\n\t\n\t<section class=\"section section-content-product_home-page\" id=\"section_541776970\">\n\t\t<div class=\"bg section-bg fill bg-fill  bg-loaded\" >\n\n\t\t\t\n\t\t\t<div class=\"section-bg-overlay absolute fill\"><\/div>\n\t\t\t\n\n\t\t<\/div>\n\n\t\t\n\n\t\t<div class=\"section-content relative\">\n\t\t\t\n\t<div id=\"text-210188924\" class=\"text section-content-product-title_home-page\">\n\t\t\n<h3>S\u1ea3n ph\u1ea9m \u01b0u chu\u1ed9ng<\/h3>\n\t\t\n<style>\n#text-210188924 {\n  text-align: center;\n}\n<\/style>\n\t<\/div>\n\t\n\t\n  \n    <div class=\"row section-content-product_home-page_list large-columns-4 medium-columns-3 small-columns-2 row-normal slider row-slider slider-nav-reveal slider-nav-push\"  data-flickity-options='{\"imagesLoaded\": true, \"groupCells\": \"100%\", \"dragThreshold\" : 5, \"cellAlign\": \"left\",\"wrapAround\": true,\"prevNextButtons\": true,\"percentPosition\": true,\"pageDots\": false, \"rightToLeft\": false, \"autoPlay\" : false}' >\n\n  \n\t     <div class=\"product-small col has-hover product type-product post-3435 status-publish first instock product_cat-gio-hoa has-post-thumbnail shipping-taxable purchasable product-type-simple\">\n\t<div class=\"col-inner\">\n\t\n<div class=\"badge-container absolute left top z-1\">\n\n<\/div>\n\t<div class=\"product-small box \">\n\t\t<div class=\"box-image\">\n\t\t\t<div class=\"image-fade_in_back\">\n\t\t\t\t<a href=\"https:\/\/phsflorist.com\/?product=hg026\" aria-label=\"GH026\">\n\t\t\t\t\t<img decoding=\"async\" width=\"2000\" height=\"2000\" data-src=\"https:\/\/phsflorist.com\/wp-content\/uploads\/2025\/09\/79-2000x2000.png\" class=\"attachment-woocommerce_thumbnail size-woocommerce_thumbnail lazyload\" alt=\"79\" data-srcset=\"https:\/\/phsflorist.com\/wp-content\/uploads\/2025\/09\/79-2000x2000.png 2000w, https:\/\/phsflorist.com\/wp-content\/uploads\/2025\/09\/79-300x300.png 300w, https:\/\/phsflorist.com\/wp-content\/uploads\/2025\/09\/79-1024x1024.png 1024w, https:\/\/phsflorist.com\/wp-content\/uploads\/2025\/09\/79-150x150.png 150w, https:\/\/phsflorist.com\/wp-content\/uploads\/2025\/09\/79-768x768.png 768w, https:\/\/phsflorist.com\/wp-content\/uploads\/2025\/09\/79-1536x1536.png 1536w, https:\/\/phsflorist.com\/wp-content\/uploads\/2025\/09\/79-2048x2048.png 2048w, https:\/\/phsflorist.com\/wp-content\/uploads\/2025\/09\/79-100x100.png 100w\" data-sizes=\"(max-width: 2000px) 100vw, 2000px\" src=\"data:image\/svg+xml;base64,PHN2ZyB3aWR0aD0iMSIgaGVpZ2h0PSIxIiB4bWxucz0iaHR0cDovL3d3dy53My5vcmcvMjAwMC9zdmciPjwvc3ZnPg==\" style=\"--smush-placeholder-width: 2000px; --smush-placeholder-aspect-ratio: 2000\/2000;\" \/><img decoding=\"async\" width=\"2000\" height=\"2000\" data-src=\"https:\/\/phsflorist.com\/wp-content\/uploads\/2025\/09\/77-2000x2000.png\" class=\"show-on-hover absolute fill hide-for-small back-image lazyload\" alt=\"77\" data-srcset=\"https:\/\/phsflorist.com\/wp-content\/uploads\/2025\/09\/77-2000x2000.png 2000w, https:\/\/phsflorist.com\/wp-content\/uploads\/2025\/09\/77-300x300.png 300w, https:\/\/phsflorist.com\/wp-content\/uploads\/2025\/09\/77-1024x1024.png 1024w, https:\/\/phsflorist.com\/wp-content\/uploads\/2025\/09\/77-150x150.png 150w, https:\/\/phsflorist.com\/wp-content\/uploads\/2025\/09\/77-768x768.png 768w, https:\/\/phsflorist.com\/wp-content\/uploads\/2025\/09\/77-1536x1536.png 1536w, https:\/\/phsflorist.com\/wp-content\/uploads\/2025\/09\/77-2048x2048.png 2048w, https:\/\/phsflorist.com\/wp-content\/uploads\/2025\/09\/77-100x100.png 100w\" data-sizes=\"(max-width: 2000px) 100vw, 2000px\" src=\"data:image\/svg+xml;base64,PHN2ZyB3aWR0aD0iMSIgaGVpZ2h0PSIxIiB4bWxucz0iaHR0cDovL3d3dy53My5vcmcvMjAwMC9zdmciPjwvc3ZnPg==\" style=\"--smush-placeholder-width: 2000px; --smush-placeholder-aspect-ratio: 2000\/2000;\" \/>\t\t\t\t<\/a>\n\t\t\t<\/div>\n\t\t\t<div class=\"image-tools is-small top right show-on-hover\">\n\t\t\t\t\t\t\t<\/div>\n\t\t\t<div class=\"image-tools is-small hide-for-small bottom left show-on-hover\">\n\t\t\t\t\t\t\t<\/div>\n\t\t\t<div class=\"image-tools grid-tools text-center hide-for-small bottom hover-slide-in show-on-hover\">\n\t\t\t\t\t\t\t<\/div>\n\t\t\t\t\t<\/div>\n\n\t\t<div class=\"box-text box-text-products text-center grid-style-2\">\n\t\t\t<div class=\"title-wrapper\">\t\t<p class=\"category uppercase is-smaller no-text-overflow product-cat op-7\">\n\t\t\tGi\u1ecf hoa\t\t<\/p>\n\t<p class=\"name product-title woocommerce-loop-product__title\"><a href=\"https:\/\/phsflorist.com\/?product=hg026\" class=\"woocommerce-LoopProduct-link woocommerce-loop-product__link\">GH026<\/a><\/p><\/div><div class=\"price-wrapper\">\n\t<span class=\"price\"><span class=\"woocommerce-Price-amount amount\"><bdi>1.100.000&nbsp;<span class=\"woocommerce-Price-currencySymbol\">VND<\/span><\/bdi><\/span><\/span>\n<\/div><div class=\"add-to-cart-button\"><a href=\"?add-to-cart=3435\" aria-describedby=\"woocommerce_loop_add_to_cart_link_describedby_3435\" data-quantity=\"1\" class=\"primary is-small mb-0 button product_type_simple add_to_cart_button ajax_add_to_cart is-flat\" data-product_id=\"3435\" data-product_sku=\"\" aria-label=\"Th\u00eam v\u00e0o gi\u1ecf h\u00e0ng: &ldquo;GH026&rdquo;\" rel=\"nofollow\" data-success_message=\"&ldquo;GH026&rdquo; \u0111\u00e3 \u0111\u01b0\u1ee3c th\u00eam v\u00e0o gi\u1ecf h\u00e0ng c\u1ee7a b\u1ea1n\">Th\u00eam v\u00e0o gi\u1ecf h\u00e0ng<\/a><\/div>\t<span id=\"woocommerce_loop_add_to_cart_link_describedby_3435\" class=\"screen-reader-text\">\n\t\t\t<\/span>\n\t\t<\/div>\n\t<\/div>\n\t\t<\/div>\n<\/div><div class=\"product-small col has-hover product type-product post-2938 status-publish instock product_cat-bouquets has-post-thumbnail shipping-taxable purchasable product-type-simple\">\n\t<div class=\"col-inner\">\n\t\n<div class=\"badge-container absolute left top z-1\">\n\n<\/div>\n\t<div class=\"product-small box \">\n\t\t<div class=\"box-image\">\n\t\t\t<div class=\"image-fade_in_back\">\n\t\t\t\t<a href=\"https:\/\/phsflorist.com\/?product=hc004\" aria-label=\"HC004\">\n\t\t\t\t\t<img decoding=\"async\" width=\"2000\" height=\"2000\" data-src=\"https:\/\/phsflorist.com\/wp-content\/uploads\/2025\/07\/25-2000x2000.png\" class=\"attachment-woocommerce_thumbnail size-woocommerce_thumbnail lazyload\" alt=\"25\" data-srcset=\"https:\/\/phsflorist.com\/wp-content\/uploads\/2025\/07\/25-2000x2000.png 2000w, https:\/\/phsflorist.com\/wp-content\/uploads\/2025\/07\/25-300x300.png 300w, https:\/\/phsflorist.com\/wp-content\/uploads\/2025\/07\/25-1024x1024.png 1024w, https:\/\/phsflorist.com\/wp-content\/uploads\/2025\/07\/25-150x150.png 150w, https:\/\/phsflorist.com\/wp-content\/uploads\/2025\/07\/25-768x768.png 768w, https:\/\/phsflorist.com\/wp-content\/uploads\/2025\/07\/25-1536x1536.png 1536w, https:\/\/phsflorist.com\/wp-content\/uploads\/2025\/07\/25-2048x2048.png 2048w, https:\/\/phsflorist.com\/wp-content\/uploads\/2025\/07\/25-100x100.png 100w\" data-sizes=\"(max-width: 2000px) 100vw, 2000px\" src=\"data:image\/svg+xml;base64,PHN2ZyB3aWR0aD0iMSIgaGVpZ2h0PSIxIiB4bWxucz0iaHR0cDovL3d3dy53My5vcmcvMjAwMC9zdmciPjwvc3ZnPg==\" style=\"--smush-placeholder-width: 2000px; --smush-placeholder-aspect-ratio: 2000\/2000;\" \/><img decoding=\"async\" width=\"2000\" height=\"2000\" data-src=\"https:\/\/phsflorist.com\/wp-content\/uploads\/2025\/07\/24-2000x2000.png\" class=\"show-on-hover absolute fill hide-for-small back-image lazyload\" alt=\"24\" data-srcset=\"https:\/\/phsflorist.com\/wp-content\/uploads\/2025\/07\/24-2000x2000.png 2000w, https:\/\/phsflorist.com\/wp-content\/uploads\/2025\/07\/24-300x300.png 300w, https:\/\/phsflorist.com\/wp-content\/uploads\/2025\/07\/24-1024x1024.png 1024w, https:\/\/phsflorist.com\/wp-content\/uploads\/2025\/07\/24-150x150.png 150w, https:\/\/phsflorist.com\/wp-content\/uploads\/2025\/07\/24-768x768.png 768w, https:\/\/phsflorist.com\/wp-content\/uploads\/2025\/07\/24-1536x1536.png 1536w, https:\/\/phsflorist.com\/wp-content\/uploads\/2025\/07\/24-2048x2048.png 2048w, https:\/\/phsflorist.com\/wp-content\/uploads\/2025\/07\/24-100x100.png 100w\" data-sizes=\"(max-width: 2000px) 100vw, 2000px\" src=\"data:image\/svg+xml;base64,PHN2ZyB3aWR0aD0iMSIgaGVpZ2h0PSIxIiB4bWxucz0iaHR0cDovL3d3dy53My5vcmcvMjAwMC9zdmciPjwvc3ZnPg==\" style=\"--smush-placeholder-width: 2000px; --smush-placeholder-aspect-ratio: 2000\/2000;\" \/>\t\t\t\t<\/a>\n\t\t\t<\/div>\n\t\t\t<div class=\"image-tools is-small top right show-on-hover\">\n\t\t\t\t\t\t\t<\/div>\n\t\t\t<div class=\"image-tools is-small hide-for-small bottom left show-on-hover\">\n\t\t\t\t\t\t\t<\/div>\n\t\t\t<div class=\"image-tools grid-tools text-center hide-for-small bottom hover-slide-in show-on-hover\">\n\t\t\t\t\t\t\t<\/div>\n\t\t\t\t\t<\/div>\n\n\t\t<div class=\"box-text box-text-products text-center grid-style-2\">\n\t\t\t<div class=\"title-wrapper\">\t\t<p class=\"category uppercase is-smaller no-text-overflow product-cat op-7\">\n\t\t\tHoa c\u01b0\u1edbi\t\t<\/p>\n\t<p class=\"name product-title woocommerce-loop-product__title\"><a href=\"https:\/\/phsflorist.com\/?product=hc004\" class=\"woocommerce-LoopProduct-link woocommerce-loop-product__link\">HC004<\/a><\/p><\/div><div class=\"price-wrapper\">\n\t<span class=\"price\"><span class=\"woocommerce-Price-amount amount\"><bdi>1.500.000&nbsp;<span class=\"woocommerce-Price-currencySymbol\">VND<\/span><\/bdi><\/span><\/span>\n<\/div><div class=\"add-to-cart-button\"><a href=\"?add-to-cart=2938\" aria-describedby=\"woocommerce_loop_add_to_cart_link_describedby_2938\" data-quantity=\"1\" class=\"primary is-small mb-0 button product_type_simple add_to_cart_button ajax_add_to_cart is-flat\" data-product_id=\"2938\" data-product_sku=\"\" aria-label=\"Th\u00eam v\u00e0o gi\u1ecf h\u00e0ng: &ldquo;HC004&rdquo;\" rel=\"nofollow\" data-success_message=\"&ldquo;HC004&rdquo; \u0111\u00e3 \u0111\u01b0\u1ee3c th\u00eam v\u00e0o gi\u1ecf h\u00e0ng c\u1ee7a b\u1ea1n\">Th\u00eam v\u00e0o gi\u1ecf h\u00e0ng<\/a><\/div>\t<span id=\"woocommerce_loop_add_to_cart_link_describedby_2938\" class=\"screen-reader-text\">\n\t\t\t<\/span>\n\t\t<\/div>\n\t<\/div>\n\t\t<\/div>\n<\/div><div class=\"product-small col has-hover product type-product post-3658 status-publish last instock product_cat-gio-hoa has-post-thumbnail shipping-taxable purchasable product-type-simple\">\n\t<div class=\"col-inner\">\n\t\n<div class=\"badge-container absolute left top z-1\">\n\n<\/div>\n\t<div class=\"product-small box \">\n\t\t<div class=\"box-image\">\n\t\t\t<div class=\"image-fade_in_back\">\n\t\t\t\t<a href=\"https:\/\/phsflorist.com\/?product=gh037\" aria-label=\"GH037\">\n\t\t\t\t\t<img decoding=\"async\" width=\"1792\" height=\"1792\" data-src=\"https:\/\/phsflorist.com\/wp-content\/uploads\/2025\/10\/5.png\" class=\"attachment-woocommerce_thumbnail size-woocommerce_thumbnail lazyload\" alt=\"5\" data-srcset=\"https:\/\/phsflorist.com\/wp-content\/uploads\/2025\/10\/5.png 1792w, https:\/\/phsflorist.com\/wp-content\/uploads\/2025\/10\/5-300x300.png 300w, https:\/\/phsflorist.com\/wp-content\/uploads\/2025\/10\/5-1024x1024.png 1024w, https:\/\/phsflorist.com\/wp-content\/uploads\/2025\/10\/5-150x150.png 150w, https:\/\/phsflorist.com\/wp-content\/uploads\/2025\/10\/5-768x768.png 768w, https:\/\/phsflorist.com\/wp-content\/uploads\/2025\/10\/5-1536x1536.png 1536w, https:\/\/phsflorist.com\/wp-content\/uploads\/2025\/10\/5-100x100.png 100w\" data-sizes=\"(max-width: 1792px) 100vw, 1792px\" src=\"data:image\/svg+xml;base64,PHN2ZyB3aWR0aD0iMSIgaGVpZ2h0PSIxIiB4bWxucz0iaHR0cDovL3d3dy53My5vcmcvMjAwMC9zdmciPjwvc3ZnPg==\" style=\"--smush-placeholder-width: 1792px; --smush-placeholder-aspect-ratio: 1792\/1792;\" \/>\t\t\t\t<\/a>\n\t\t\t<\/div>\n\t\t\t<div class=\"image-tools is-small top right show-on-hover\">\n\t\t\t\t\t\t\t<\/div>\n\t\t\t<div class=\"image-tools is-small hide-for-small bottom left show-on-hover\">\n\t\t\t\t\t\t\t<\/div>\n\t\t\t<div class=\"image-tools grid-tools text-center hide-for-small bottom hover-slide-in show-on-hover\">\n\t\t\t\t\t\t\t<\/div>\n\t\t\t\t\t<\/div>\n\n\t\t<div class=\"box-text box-text-products text-center grid-style-2\">\n\t\t\t<div class=\"title-wrapper\">\t\t<p class=\"category uppercase is-smaller no-text-overflow product-cat op-7\">\n\t\t\tGi\u1ecf hoa\t\t<\/p>\n\t<p class=\"name product-title woocommerce-loop-product__title\"><a href=\"https:\/\/phsflorist.com\/?product=gh037\" class=\"woocommerce-LoopProduct-link woocommerce-loop-product__link\">GH037<\/a><\/p><\/div><div class=\"price-wrapper\">\n\t<span class=\"price\"><span class=\"woocommerce-Price-amount amount\"><bdi>500.000&nbsp;<span class=\"woocommerce-Price-currencySymbol\">VND<\/span><\/bdi><\/span><\/span>\n<\/div><div class=\"add-to-cart-button\"><a href=\"?add-to-cart=3658\" aria-describedby=\"woocommerce_loop_add_to_cart_link_describedby_3658\" data-quantity=\"1\" class=\"primary is-small mb-0 button product_type_simple add_to_cart_button ajax_add_to_cart is-flat\" data-product_id=\"3658\" data-product_sku=\"\" aria-label=\"Th\u00eam v\u00e0o gi\u1ecf h\u00e0ng: &ldquo;GH037&rdquo;\" rel=\"nofollow\" data-success_message=\"&ldquo;GH037&rdquo; \u0111\u00e3 \u0111\u01b0\u1ee3c th\u00eam v\u00e0o gi\u1ecf h\u00e0ng c\u1ee7a b\u1ea1n\">Th\u00eam v\u00e0o gi\u1ecf h\u00e0ng<\/a><\/div>\t<span id=\"woocommerce_loop_add_to_cart_link_describedby_3658\" class=\"screen-reader-text\">\n\t\t\t<\/span>\n\t\t<\/div>\n\t<\/div>\n\t\t<\/div>\n<\/div><div class=\"product-small col has-hover product type-product post-3007 status-publish first instock product_cat-gio-hoa has-post-thumbnail shipping-taxable purchasable product-type-simple\">\n\t<div class=\"col-inner\">\n\t\n<div class=\"badge-container absolute left top z-1\">\n\n<\/div>\n\t<div class=\"product-small box \">\n\t\t<div class=\"box-image\">\n\t\t\t<div class=\"image-fade_in_back\">\n\t\t\t\t<a href=\"https:\/\/phsflorist.com\/?product=hg001-2\" aria-label=\"GH002\">\n\t\t\t\t\t<img decoding=\"async\" width=\"2000\" height=\"2000\" data-src=\"https:\/\/phsflorist.com\/wp-content\/uploads\/2025\/07\/67-2000x2000.png\" class=\"attachment-woocommerce_thumbnail size-woocommerce_thumbnail lazyload\" alt=\"67\" data-srcset=\"https:\/\/phsflorist.com\/wp-content\/uploads\/2025\/07\/67-2000x2000.png 2000w, https:\/\/phsflorist.com\/wp-content\/uploads\/2025\/07\/67-300x300.png 300w, https:\/\/phsflorist.com\/wp-content\/uploads\/2025\/07\/67-1024x1024.png 1024w, https:\/\/phsflorist.com\/wp-content\/uploads\/2025\/07\/67-150x150.png 150w, https:\/\/phsflorist.com\/wp-content\/uploads\/2025\/07\/67-768x768.png 768w, https:\/\/phsflorist.com\/wp-content\/uploads\/2025\/07\/67-1536x1536.png 1536w, https:\/\/phsflorist.com\/wp-content\/uploads\/2025\/07\/67-2048x2048.png 2048w, https:\/\/phsflorist.com\/wp-content\/uploads\/2025\/07\/67-100x100.png 100w\" data-sizes=\"(max-width: 2000px) 100vw, 2000px\" src=\"data:image\/svg+xml;base64,PHN2ZyB3aWR0aD0iMSIgaGVpZ2h0PSIxIiB4bWxucz0iaHR0cDovL3d3dy53My5vcmcvMjAwMC9zdmciPjwvc3ZnPg==\" style=\"--smush-placeholder-width: 2000px; --smush-placeholder-aspect-ratio: 2000\/2000;\" \/><img decoding=\"async\" width=\"2000\" height=\"2000\" data-src=\"https:\/\/phsflorist.com\/wp-content\/uploads\/2025\/07\/66-2000x2000.png\" class=\"show-on-hover absolute fill hide-for-small back-image lazyload\" alt=\"66\" data-srcset=\"https:\/\/phsflorist.com\/wp-content\/uploads\/2025\/07\/66-2000x2000.png 2000w, https:\/\/phsflorist.com\/wp-content\/uploads\/2025\/07\/66-300x300.png 300w, https:\/\/phsflorist.com\/wp-content\/uploads\/2025\/07\/66-1024x1024.png 1024w, https:\/\/phsflorist.com\/wp-content\/uploads\/2025\/07\/66-150x150.png 150w, https:\/\/phsflorist.com\/wp-content\/uploads\/2025\/07\/66-768x768.png 768w, https:\/\/phsflorist.com\/wp-content\/uploads\/2025\/07\/66-1536x1536.png 1536w, https:\/\/phsflorist.com\/wp-content\/uploads\/2025\/07\/66-2048x2048.png 2048w, https:\/\/phsflorist.com\/wp-content\/uploads\/2025\/07\/66-100x100.png 100w\" data-sizes=\"(max-width: 2000px) 100vw, 2000px\" src=\"data:image\/svg+xml;base64,PHN2ZyB3aWR0aD0iMSIgaGVpZ2h0PSIxIiB4bWxucz0iaHR0cDovL3d3dy53My5vcmcvMjAwMC9zdmciPjwvc3ZnPg==\" style=\"--smush-placeholder-width: 2000px; --smush-placeholder-aspect-ratio: 2000\/2000;\" \/>\t\t\t\t<\/a>\n\t\t\t<\/div>\n\t\t\t<div class=\"image-tools is-small top right show-on-hover\">\n\t\t\t\t\t\t\t<\/div>\n\t\t\t<div class=\"image-tools is-small hide-for-small bottom left show-on-hover\">\n\t\t\t\t\t\t\t<\/div>\n\t\t\t<div class=\"image-tools grid-tools text-center hide-for-small bottom hover-slide-in show-on-hover\">\n\t\t\t\t\t\t\t<\/div>\n\t\t\t\t\t<\/div>\n\n\t\t<div class=\"box-text box-text-products text-center grid-style-2\">\n\t\t\t<div class=\"title-wrapper\">\t\t<p class=\"category uppercase is-smaller no-text-overflow product-cat op-7\">\n\t\t\tGi\u1ecf hoa\t\t<\/p>\n\t<p class=\"name product-title woocommerce-loop-product__title\"><a href=\"https:\/\/phsflorist.com\/?product=hg001-2\" class=\"woocommerce-LoopProduct-link woocommerce-loop-product__link\">GH002<\/a><\/p><\/div><div class=\"price-wrapper\">\n\t<span class=\"price\"><span class=\"woocommerce-Price-amount amount\"><bdi>950.000&nbsp;<span class=\"woocommerce-Price-currencySymbol\">VND<\/span><\/bdi><\/span><\/span>\n<\/div><div class=\"add-to-cart-button\"><a href=\"?add-to-cart=3007\" aria-describedby=\"woocommerce_loop_add_to_cart_link_describedby_3007\" data-quantity=\"1\" class=\"primary is-small mb-0 button product_type_simple add_to_cart_button ajax_add_to_cart is-flat\" data-product_id=\"3007\" data-product_sku=\"\" aria-label=\"Th\u00eam v\u00e0o gi\u1ecf h\u00e0ng: &ldquo;GH002&rdquo;\" rel=\"nofollow\" data-success_message=\"&ldquo;GH002&rdquo; \u0111\u00e3 \u0111\u01b0\u1ee3c th\u00eam v\u00e0o gi\u1ecf h\u00e0ng c\u1ee7a b\u1ea1n\">Th\u00eam v\u00e0o gi\u1ecf h\u00e0ng<\/a><\/div>\t<span id=\"woocommerce_loop_add_to_cart_link_describedby_3007\" class=\"screen-reader-text\">\n\t\t\t<\/span>\n\t\t<\/div>\n\t<\/div>\n\t\t<\/div>\n<\/div><\/div>\n\t\t<\/div>\n\n\t\t\n<style>\n#section_541776970 {\n  padding-top: 30px;\n  padding-bottom: 30px;\n  background-color: rgb(252, 247, 244);\n}\n#section_541776970 .section-bg-overlay {\n  background-color: rgb(252, 247, 244);\n}\n<\/style>\n\t<\/section>\n\t\n","protected":false},"excerpt":{"rendered":"","protected":false},"author":1,"featured_media":0,"parent":0,"menu_order":0,"comment_status":"closed","ping_status":"closed","template":"page-blank.php","meta":{"om_disable_all_campaigns":false,"_monsterinsights_skip_tracking":false,"_monsterinsights_sitenote_active":false,"_monsterinsights_sitenote_note":"","_monsterinsights_sitenote_category":0,"footnotes":""},"class_list":["post-2848","page","type-page","status-publish","hentry"],"aioseo_notices":[],"_links":{"self":[{"href":"https:\/\/phsflorist.com\/index.php?rest_route=\/wp\/v2\/pages\/2848","targetHints":{"allow":["GET"]}}],"collection":[{"href":"https:\/\/phsflorist.com\/index.php?rest_route=\/wp\/v2\/pages"}],"about":[{"href":"https:\/\/phsflorist.com\/index.php?rest_route=\/wp\/v2\/types\/page"}],"author":[{"embeddable":true,"href":"https:\/\/phsflorist.com\/index.php?rest_route=\/wp\/v2\/users\/1"}],"replies":[{"embeddable":true,"href":"https:\/\/phsflorist.com\/index.php?rest_route=%2Fwp%2Fv2%2Fcomments&post=2848"}],"version-history":[{"count":13,"href":"https:\/\/phsflorist.com\/index.php?rest_route=\/wp\/v2\/pages\/2848\/revisions"}],"predecessor-version":[{"id":3700,"href":"https:\/\/phsflorist.com\/index.php?rest_route=\/wp\/v2\/pages\/2848\/revisions\/3700"}],"wp:attachment":[{"href":"https:\/\/phsflorist.com\/index.php?rest_route=%2Fwp%2Fv2%2Fmedia&parent=2848"}],"curies":[{"name":"wp","href":"https:\/\/api.w.org\/{rel}","templated":true}]}}